{"id":868,"date":"2022-05-11T15:35:49","date_gmt":"2022-05-11T13:35:49","guid":{"rendered":"http:\/\/localhost\/wpsytech\/?post_type=product&#038;p=868"},"modified":"2023-05-25T22:29:18","modified_gmt":"2023-05-25T20:29:18","slug":"qleanair-facility-solutions","status":"publish","type":"product","link":"https:\/\/sytech.at\/en\/product\/qleanair-facility-solutions\/","title":{"rendered":"QleanAir Facility Solutions"},"content":{"rendered":"","protected":false},"excerpt":{"rendered":"<p>QleanAir Scandinavia offers products and solutions for air purification in existing plants. Typical applications range from offices and public facilities, smoking rooms, production and warehouse logistics to waiting rooms and infection stations in hospitals.<\/p>","protected":false},"featured_media":866,"comment_status":"open","ping_status":"closed","template":"","meta":[],"product_cat":[36],"product_tag":[],"yoast_head":"<!-- This site is optimized with the Yoast SEO plugin v19.5.1 - https:\/\/yoast.com\/wordpress\/plugins\/seo\/ -->\n<title>QleanAir Facility Solutions - Sytech<\/title>\n<meta name=\"robots\" content=\"index, follow, max-snippet:-1, max-image-preview:large, max-video-preview:-1\" \/>\n<link rel=\"canonical\" href=\"https:\/\/sytech.at\/en\/product\/qleanair-facility-solutions\/\" \/>\n<meta property=\"og:locale\" content=\"en_GB\" \/>\n<meta property=\"og:type\" content=\"article\" \/>\n<meta property=\"og:title\" content=\"QleanAir Facility Solutions - Sytech\" \/>\n<meta property=\"og:description\" content=\"QleanAir Scandinavia bietet Produkte und L\u00f6sungen f\u00fcr die Luftreinigung in bestehenden Anlagen. Typische Einsatzgebiete reichen von B\u00fcros und \u00f6ffentlichen Einrichtungen, Raucherr\u00e4umen, Produktions- und Lagerlogistik bis hin zu Wartezimmern und Infektionsstationen in Krankenh\u00e4usern.\" \/>\n<meta property=\"og:url\" content=\"https:\/\/sytech.at\/en\/product\/qleanair-facility-solutions\/\" \/>\n<meta property=\"og:site_name\" content=\"Sytech\" \/>\n<meta property=\"article:modified_time\" content=\"2023-05-25T20:29:18+00:00\" \/>\n<meta property=\"og:image\" content=\"https:\/\/sytech.at\/wp-content\/uploads\/2022\/05\/se-superstore-gekas-in-ullared-warehouse-2-females-working-air-cleaner-fs-70_4a00_r.jpg\" \/>\n\t<meta property=\"og:image:width\" content=\"599\" \/>\n\t<meta property=\"og:image:height\" content=\"368\" \/>\n\t<meta property=\"og:image:type\" content=\"image\/jpeg\" \/>\n<meta name=\"twitter:card\" content=\"summary_large_image\" \/>\n<script type=\"application\/ld+json\" class=\"yoast-schema-graph\">{\"@context\":\"https:\/\/schema.org\",\"@graph\":[{\"@type\":\"WebPage\",\"@id\":\"https:\/\/sytech.at\/produkt\/qleanair-facility-solutions\/\",\"url\":\"https:\/\/sytech.at\/produkt\/qleanair-facility-solutions\/\",\"name\":\"QleanAir Facility Solutions - Sytech\",\"isPartOf\":{\"@id\":\"https:\/\/sytech.at\/#website\"},\"datePublished\":\"2022-05-11T13:35:49+00:00\",\"dateModified\":\"2023-05-25T20:29:18+00:00\",\"breadcrumb\":{\"@id\":\"https:\/\/sytech.at\/produkt\/qleanair-facility-solutions\/#breadcrumb\"},\"inLanguage\":\"en-GB\",\"potentialAction\":[{\"@type\":\"ReadAction\",\"target\":[\"https:\/\/sytech.at\/produkt\/qleanair-facility-solutions\/\"]}]},{\"@type\":\"BreadcrumbList\",\"@id\":\"https:\/\/sytech.at\/produkt\/qleanair-facility-solutions\/#breadcrumb\",\"itemListElement\":[{\"@type\":\"ListItem\",\"position\":1,\"name\":\"Startseite\",\"item\":\"https:\/\/sytech.at\/\"},{\"@type\":\"ListItem\",\"position\":2,\"name\":\"Katalog\",\"item\":\"https:\/\/sytech.at\/shop\/\"},{\"@type\":\"ListItem\",\"position\":3,\"name\":\"QleanAir Facility Solutions\"}]},{\"@type\":\"WebSite\",\"@id\":\"https:\/\/sytech.at\/#website\",\"url\":\"https:\/\/sytech.at\/\",\"name\":\"Sytech\",\"description\":\"Ergonomie am Arbeitsplatz\",\"publisher\":{\"@id\":\"https:\/\/sytech.at\/#organization\"},\"potentialAction\":[{\"@type\":\"SearchAction\",\"target\":{\"@type\":\"EntryPoint\",\"urlTemplate\":\"https:\/\/sytech.at\/?s={search_term_string}\"},\"query-input\":\"required name=search_term_string\"}],\"inLanguage\":\"en-GB\"},{\"@type\":\"Organization\",\"@id\":\"https:\/\/sytech.at\/#organization\",\"name\":\"Sytech\",\"url\":\"https:\/\/sytech.at\/\",\"sameAs\":[],\"logo\":{\"@type\":\"ImageObject\",\"inLanguage\":\"en-GB\",\"@id\":\"https:\/\/sytech.at\/#\/schema\/logo\/image\/\",\"url\":\"https:\/\/sytech.at\/wp-content\/uploads\/2022\/01\/Unbenannt-1.png\",\"contentUrl\":\"https:\/\/sytech.at\/wp-content\/uploads\/2022\/01\/Unbenannt-1.png\",\"width\":977,\"height\":245,\"caption\":\"Sytech\"},\"image\":{\"@id\":\"https:\/\/sytech.at\/#\/schema\/logo\/image\/\"}}]}<\/script>\n<!-- \/ Yoast SEO plugin. -->","yoast_head_json":{"title":"QleanAir Facility Solutions - Sytech","robots":{"index":"index","follow":"follow","max-snippet":"max-snippet:-1","max-image-preview":"max-image-preview:large","max-video-preview":"max-video-preview:-1"},"canonical":"https:\/\/sytech.at\/en\/product\/qleanair-facility-solutions\/","og_locale":"en_GB","og_type":"article","og_title":"QleanAir Facility Solutions - Sytech","og_description":"QleanAir Scandinavia bietet Produkte und L\u00f6sungen f\u00fcr die Luftreinigung in bestehenden Anlagen. Typische Einsatzgebiete reichen von B\u00fcros und \u00f6ffentlichen Einrichtungen, Raucherr\u00e4umen, Produktions- und Lagerlogistik bis hin zu Wartezimmern und Infektionsstationen in Krankenh\u00e4usern.","og_url":"https:\/\/sytech.at\/en\/product\/qleanair-facility-solutions\/","og_site_name":"Sytech","article_modified_time":"2023-05-25T20:29:18+00:00","og_image":[{"width":599,"height":368,"url":"https:\/\/sytech.at\/wp-content\/uploads\/2022\/05\/se-superstore-gekas-in-ullared-warehouse-2-females-working-air-cleaner-fs-70_4a00_r.jpg","type":"image\/jpeg"}],"twitter_card":"summary_large_image","schema":{"@context":"https:\/\/schema.org","@graph":[{"@type":"WebPage","@id":"https:\/\/sytech.at\/produkt\/qleanair-facility-solutions\/","url":"https:\/\/sytech.at\/produkt\/qleanair-facility-solutions\/","name":"QleanAir Facility Solutions - Sytech","isPartOf":{"@id":"https:\/\/sytech.at\/#website"},"datePublished":"2022-05-11T13:35:49+00:00","dateModified":"2023-05-25T20:29:18+00:00","breadcrumb":{"@id":"https:\/\/sytech.at\/produkt\/qleanair-facility-solutions\/#breadcrumb"},"inLanguage":"en-GB","potentialAction":[{"@type":"ReadAction","target":["https:\/\/sytech.at\/produkt\/qleanair-facility-solutions\/"]}]},{"@type":"BreadcrumbList","@id":"https:\/\/sytech.at\/produkt\/qleanair-facility-solutions\/#breadcrumb","itemListElement":[{"@type":"ListItem","position":1,"name":"Startseite","item":"https:\/\/sytech.at\/"},{"@type":"ListItem","position":2,"name":"Katalog","item":"https:\/\/sytech.at\/shop\/"},{"@type":"ListItem","position":3,"name":"QleanAir Facility Solutions"}]},{"@type":"WebSite","@id":"https:\/\/sytech.at\/#website","url":"https:\/\/sytech.at\/","name":"Sytech","description":"Ergonomie am Arbeitsplatz","publisher":{"@id":"https:\/\/sytech.at\/#organization"},"potentialAction":[{"@type":"SearchAction","target":{"@type":"EntryPoint","urlTemplate":"https:\/\/sytech.at\/?s={search_term_string}"},"query-input":"required name=search_term_string"}],"inLanguage":"en-GB"},{"@type":"Organization","@id":"https:\/\/sytech.at\/#organization","name":"Sytech","url":"https:\/\/sytech.at\/","sameAs":[],"logo":{"@type":"ImageObject","inLanguage":"en-GB","@id":"https:\/\/sytech.at\/#\/schema\/logo\/image\/","url":"https:\/\/sytech.at\/wp-content\/uploads\/2022\/01\/Unbenannt-1.png","contentUrl":"https:\/\/sytech.at\/wp-content\/uploads\/2022\/01\/Unbenannt-1.png","width":977,"height":245,"caption":"Sytech"},"image":{"@id":"https:\/\/sytech.at\/#\/schema\/logo\/image\/"}}]}},"_links":{"self":[{"href":"https:\/\/sytech.at\/en\/wp-json\/wp\/v2\/product\/868"}],"collection":[{"href":"https:\/\/sytech.at\/en\/wp-json\/wp\/v2\/product"}],"about":[{"href":"https:\/\/sytech.at\/en\/wp-json\/wp\/v2\/types\/product"}],"replies":[{"embeddable":true,"href":"https:\/\/sytech.at\/en\/wp-json\/wp\/v2\/comments?post=868"}],"wp:featuredmedia":[{"embeddable":true,"href":"https:\/\/sytech.at\/en\/wp-json\/wp\/v2\/media\/866"}],"wp:attachment":[{"href":"https:\/\/sytech.at\/en\/wp-json\/wp\/v2\/media?parent=868"}],"wp:term":[{"taxonomy":"product_cat","embeddable":true,"href":"https:\/\/sytech.at\/en\/wp-json\/wp\/v2\/product_cat?post=868"},{"taxonomy":"product_tag","embeddable":true,"href":"https:\/\/sytech.at\/en\/wp-json\/wp\/v2\/product_tag?post=868"}],"curies":[{"name":"wp","href":"https:\/\/api.w.org\/{rel}","templated":true}]}}