{"id":465,"date":"2022-03-12T18:39:29","date_gmt":"2022-03-12T17:39:29","guid":{"rendered":"http:\/\/localhost\/wpsytech\/?post_type=product&#038;p=465"},"modified":"2022-03-12T18:39:55","modified_gmt":"2022-03-12T17:39:55","slug":"iqair-gc-multigas-ne","status":"publish","type":"product","link":"https:\/\/sytech.at\/en\/product\/iqair-gc-multigas-ne\/","title":{"rendered":"IQAir GC MultiGas NE"},"content":{"rendered":"<p>IQAir Luftreiniger GC MultiGas \u2013 auch bei MCS geeignet<br \/>\nHochleistungsluftreiniger gegen Gase, VOC, Ger\u00fcche und feine Partikel<\/p>\n<p>Entwickelt f\u00fcr ein gro\u00dfes Spektrum von molekularen Verunreinigungen und Partikeln erm\u00f6glicht der GC MultiGas, wie eine professionelle Gasmaske, eine optimale Molekularfiltration f\u00fcr ein breites Spektrum von Ger\u00fcchen und gasf\u00f6rmigen Chemikalien. Der Schwerpunkt des Filterspektrum liegt besonders auf der Beseitigung von Gasen und Ger\u00fcchen, bietet jedoch auch eine sehr gute Filterung von Partikeln wie Pollen, Allergenen, Feinstaub und \u00e4hnliche Stoffe.<\/p>\n<p>Alle IQAir Luftreiniger sind 100% ozonfrei. Kaum ein Luftreinigungsger\u00e4t auf dem Markt produziert zu 99,97% Partikel-freie Luft und ist leiser als ein IQAir. Die Dezibelwerte steigern sich auf den verschiedenen Ventilationsstufen.<\/p>\n<p>Luftreiniger mit Laufrollen f\u00fcr leichten Transport, frische Luft in jedem Zimmer.<\/p>\n<p>Der Luftreiniger GC MultiGas NE ist auch einer der wenigen Luftreiniger, die f\u00fcr den Einsatz im Umfeld von Personen geeignet sind, die an MCS (multipler chemischer Sensibilit\u00e4t) leiden.<\/p>\n<p>Der IQAir GC MultiGas NE ist besonders spezialisiert auf ein breites Spektrum gasf\u00f6rmiger Schadstoffe  und Ger\u00fcche, inklusive VOCs, Formaldehyd, Kohlenwasserstoffe, Schwefeloxide, Schwefelwasserstoff, niedrigmolekulare Aldehyde &#038; organische S\u00e4uren, h\u00f6hermolekulare Gase, Stickstoffoxide, Ger\u00fcche &#038; Ozon.<\/p>","protected":false},"excerpt":{"rendered":"<p>IQAir Luftreiniger GC MultiGas \u2013 auch bei MCS geeignet Hochleistungsluftreiniger gegen Gase, VOC, Ger\u00fcche und feine Partikel Entwickelt f\u00fcr ein gro\u00dfes Spektrum von molekularen Verunreinigungen und Partikeln erm\u00f6glicht der GC MultiGas, wie eine professionelle Gasmaske, eine optimale Molekularfiltration f\u00fcr ein breites Spektrum von Ger\u00fcchen und gasf\u00f6rmigen Chemikalien. Der Schwerpunkt des Filterspektrum liegt besonders auf der [&#8230;]","protected":false},"featured_media":0,"comment_status":"open","ping_status":"closed","template":"","meta":[],"product_cat":[26],"product_tag":[],"yoast_head":"<!-- This site is optimized with the Yoast SEO plugin v19.5.1 - https:\/\/yoast.com\/wordpress\/plugins\/seo\/ -->\n<title>IQAir GC MultiGas NE - Sytech<\/title>\n<meta name=\"robots\" content=\"index, follow, max-snippet:-1, max-image-preview:large, max-video-preview:-1\" \/>\n<link rel=\"canonical\" href=\"https:\/\/sytech.at\/en\/product\/iqair-gc-multigas-ne\/\" \/>\n<meta property=\"og:locale\" content=\"en_GB\" \/>\n<meta property=\"og:type\" content=\"article\" \/>\n<meta property=\"og:title\" content=\"IQAir GC MultiGas NE - Sytech\" \/>\n<meta property=\"og:description\" content=\"IQAir Luftreiniger GC MultiGas \u2013 auch bei MCS geeignet Hochleistungsluftreiniger gegen Gase, VOC, Ger\u00fcche und feine Partikel Entwickelt f\u00fcr ein gro\u00dfes Spektrum von molekularen Verunreinigungen und Partikeln erm\u00f6glicht der GC MultiGas, wie eine professionelle Gasmaske, eine optimale Molekularfiltration f\u00fcr ein breites Spektrum von Ger\u00fcchen und gasf\u00f6rmigen Chemikalien. Der Schwerpunkt des Filterspektrum liegt besonders auf der [...]\" \/>\n<meta property=\"og:url\" content=\"https:\/\/sytech.at\/en\/product\/iqair-gc-multigas-ne\/\" \/>\n<meta property=\"og:site_name\" content=\"Sytech\" \/>\n<meta property=\"article:modified_time\" content=\"2022-03-12T17:39:55+00:00\" \/>\n<meta name=\"twitter:card\" content=\"summary_large_image\" \/>\n<meta name=\"twitter:label1\" content=\"Estimated reading time\" \/>\n\t<meta name=\"twitter:data1\" content=\"1 minute\" \/>\n<script type=\"application\/ld+json\" class=\"yoast-schema-graph\">{\"@context\":\"https:\/\/schema.org\",\"@graph\":[{\"@type\":\"WebPage\",\"@id\":\"https:\/\/sytech.at\/produkt\/iqair-gc-multigas-ne\/\",\"url\":\"https:\/\/sytech.at\/produkt\/iqair-gc-multigas-ne\/\",\"name\":\"IQAir GC MultiGas NE - Sytech\",\"isPartOf\":{\"@id\":\"https:\/\/sytech.at\/#website\"},\"datePublished\":\"2022-03-12T17:39:29+00:00\",\"dateModified\":\"2022-03-12T17:39:55+00:00\",\"breadcrumb\":{\"@id\":\"https:\/\/sytech.at\/produkt\/iqair-gc-multigas-ne\/#breadcrumb\"},\"inLanguage\":\"en-GB\",\"potentialAction\":[{\"@type\":\"ReadAction\",\"target\":[\"https:\/\/sytech.at\/produkt\/iqair-gc-multigas-ne\/\"]}]},{\"@type\":\"BreadcrumbList\",\"@id\":\"https:\/\/sytech.at\/produkt\/iqair-gc-multigas-ne\/#breadcrumb\",\"itemListElement\":[{\"@type\":\"ListItem\",\"position\":1,\"name\":\"Startseite\",\"item\":\"https:\/\/sytech.at\/\"},{\"@type\":\"ListItem\",\"position\":2,\"name\":\"Katalog\",\"item\":\"https:\/\/sytech.at\/shop\/\"},{\"@type\":\"ListItem\",\"position\":3,\"name\":\"IQAir GC MultiGas NE\"}]},{\"@type\":\"WebSite\",\"@id\":\"https:\/\/sytech.at\/#website\",\"url\":\"https:\/\/sytech.at\/\",\"name\":\"Sytech\",\"description\":\"Ergonomie am Arbeitsplatz\",\"publisher\":{\"@id\":\"https:\/\/sytech.at\/#organization\"},\"potentialAction\":[{\"@type\":\"SearchAction\",\"target\":{\"@type\":\"EntryPoint\",\"urlTemplate\":\"https:\/\/sytech.at\/?s={search_term_string}\"},\"query-input\":\"required name=search_term_string\"}],\"inLanguage\":\"en-GB\"},{\"@type\":\"Organization\",\"@id\":\"https:\/\/sytech.at\/#organization\",\"name\":\"Sytech\",\"url\":\"https:\/\/sytech.at\/\",\"sameAs\":[],\"logo\":{\"@type\":\"ImageObject\",\"inLanguage\":\"en-GB\",\"@id\":\"https:\/\/sytech.at\/#\/schema\/logo\/image\/\",\"url\":\"https:\/\/sytech.at\/wp-content\/uploads\/2022\/01\/Unbenannt-1.png\",\"contentUrl\":\"https:\/\/sytech.at\/wp-content\/uploads\/2022\/01\/Unbenannt-1.png\",\"width\":977,\"height\":245,\"caption\":\"Sytech\"},\"image\":{\"@id\":\"https:\/\/sytech.at\/#\/schema\/logo\/image\/\"}}]}<\/script>\n<!-- \/ Yoast SEO plugin. -->","yoast_head_json":{"title":"IQAir GC MultiGas NE - Sytech","robots":{"index":"index","follow":"follow","max-snippet":"max-snippet:-1","max-image-preview":"max-image-preview:large","max-video-preview":"max-video-preview:-1"},"canonical":"https:\/\/sytech.at\/en\/product\/iqair-gc-multigas-ne\/","og_locale":"en_GB","og_type":"article","og_title":"IQAir GC MultiGas NE - Sytech","og_description":"IQAir Luftreiniger GC MultiGas \u2013 auch bei MCS geeignet Hochleistungsluftreiniger gegen Gase, VOC, Ger\u00fcche und feine Partikel Entwickelt f\u00fcr ein gro\u00dfes Spektrum von molekularen Verunreinigungen und Partikeln erm\u00f6glicht der GC MultiGas, wie eine professionelle Gasmaske, eine optimale Molekularfiltration f\u00fcr ein breites Spektrum von Ger\u00fcchen und gasf\u00f6rmigen Chemikalien. Der Schwerpunkt des Filterspektrum liegt besonders auf der [...]","og_url":"https:\/\/sytech.at\/en\/product\/iqair-gc-multigas-ne\/","og_site_name":"Sytech","article_modified_time":"2022-03-12T17:39:55+00:00","twitter_card":"summary_large_image","twitter_misc":{"Estimated reading time":"1 minute"},"schema":{"@context":"https:\/\/schema.org","@graph":[{"@type":"WebPage","@id":"https:\/\/sytech.at\/produkt\/iqair-gc-multigas-ne\/","url":"https:\/\/sytech.at\/produkt\/iqair-gc-multigas-ne\/","name":"IQAir GC MultiGas NE - Sytech","isPartOf":{"@id":"https:\/\/sytech.at\/#website"},"datePublished":"2022-03-12T17:39:29+00:00","dateModified":"2022-03-12T17:39:55+00:00","breadcrumb":{"@id":"https:\/\/sytech.at\/produkt\/iqair-gc-multigas-ne\/#breadcrumb"},"inLanguage":"en-GB","potentialAction":[{"@type":"ReadAction","target":["https:\/\/sytech.at\/produkt\/iqair-gc-multigas-ne\/"]}]},{"@type":"BreadcrumbList","@id":"https:\/\/sytech.at\/produkt\/iqair-gc-multigas-ne\/#breadcrumb","itemListElement":[{"@type":"ListItem","position":1,"name":"Startseite","item":"https:\/\/sytech.at\/"},{"@type":"ListItem","position":2,"name":"Katalog","item":"https:\/\/sytech.at\/shop\/"},{"@type":"ListItem","position":3,"name":"IQAir GC MultiGas NE"}]},{"@type":"WebSite","@id":"https:\/\/sytech.at\/#website","url":"https:\/\/sytech.at\/","name":"Sytech","description":"Ergonomie am Arbeitsplatz","publisher":{"@id":"https:\/\/sytech.at\/#organization"},"potentialAction":[{"@type":"SearchAction","target":{"@type":"EntryPoint","urlTemplate":"https:\/\/sytech.at\/?s={search_term_string}"},"query-input":"required name=search_term_string"}],"inLanguage":"en-GB"},{"@type":"Organization","@id":"https:\/\/sytech.at\/#organization","name":"Sytech","url":"https:\/\/sytech.at\/","sameAs":[],"logo":{"@type":"ImageObject","inLanguage":"en-GB","@id":"https:\/\/sytech.at\/#\/schema\/logo\/image\/","url":"https:\/\/sytech.at\/wp-content\/uploads\/2022\/01\/Unbenannt-1.png","contentUrl":"https:\/\/sytech.at\/wp-content\/uploads\/2022\/01\/Unbenannt-1.png","width":977,"height":245,"caption":"Sytech"},"image":{"@id":"https:\/\/sytech.at\/#\/schema\/logo\/image\/"}}]}},"_links":{"self":[{"href":"https:\/\/sytech.at\/en\/wp-json\/wp\/v2\/product\/465"}],"collection":[{"href":"https:\/\/sytech.at\/en\/wp-json\/wp\/v2\/product"}],"about":[{"href":"https:\/\/sytech.at\/en\/wp-json\/wp\/v2\/types\/product"}],"replies":[{"embeddable":true,"href":"https:\/\/sytech.at\/en\/wp-json\/wp\/v2\/comments?post=465"}],"wp:attachment":[{"href":"https:\/\/sytech.at\/en\/wp-json\/wp\/v2\/media?parent=465"}],"wp:term":[{"taxonomy":"product_cat","embeddable":true,"href":"https:\/\/sytech.at\/en\/wp-json\/wp\/v2\/product_cat?post=465"},{"taxonomy":"product_tag","embeddable":true,"href":"https:\/\/sytech.at\/en\/wp-json\/wp\/v2\/product_tag?post=465"}],"curies":[{"name":"wp","href":"https:\/\/api.w.org\/{rel}","templated":true}]}}