{"id":1483,"date":"2022-06-29T14:03:41","date_gmt":"2022-06-29T12:03:41","guid":{"rendered":"https:\/\/sytech.at\/?page_id=1483"},"modified":"2022-06-29T14:20:32","modified_gmt":"2022-06-29T12:20:32","slug":"stehhilfen","status":"publish","type":"page","link":"https:\/\/sytech.at\/en\/stehhilfen\/","title":{"rendered":"stehhilfen"},"content":{"rendered":"<div class=\"row\"  id=\"row-774732022\">\n\n\n\t<div id=\"col-629845130\" class=\"col small-12 large-12\"  >\n\t\t\t\t<div class=\"col-inner box-shadow-2\" style=\"background-color:rgb(255, 255, 255);\" >\n\t\t\t\n\t\t\t\n\n<div class=\"row\"  id=\"row-1712266163\">\n\n\n\t<div id=\"col-1970388064\" class=\"col medium-11 small-12 large-11\"  >\n\t\t\t\t<div class=\"col-inner text-left\"  >\n\t\t\t\n\t\t\t\n\n<h1>Stehhilfe und Hocker<\/h1>\n\t<div id=\"text-3402174199\" class=\"text\">\n\t\t\n\n<p><strong>Drehst\u00fchle f\u00fcr Nassr\u00e4ume, die chemische Industrie und Labore<\/strong><\/p>\n<p><strong>Ergonomisch<\/strong><\/p>\n<ul>\n<li class=\"bullet-arrow\">Die Sitzfl\u00e4chenneigung der Stehhilfen betr\u00e4gt 2\u00b0-15\u00b0 nach vorne.<\/li>\n<li class=\"bullet-arrow\">Die H\u00f6henverstellung erfolgt mit einer Sicherheitsgasfeder.<\/li>\n<\/ul>\n<p><strong>Auf Anfrage auch in ESD-Ausf\u00fchrung<\/strong><\/p>\n<p><strong>Drei Kombinations-Beispiele aus unserem umfangreichen Baukastensystem: <\/strong>Bitte\u00a0<a href=\"https:\/\/sytech.at\/en\/kontakt\/\">kontaktieren\u00a0<\/a>Sie uns f\u00fcr n\u00e4here Details<\/p>\n\t\t\n<style>\n#text-3402174199 {\n  font-size: 0.75rem;\n}\n<\/style>\n\t<\/div>\n\t\n<div class=\"row\"  id=\"row-1419425861\">\n\n\n\t<div id=\"col-518905656\" class=\"col medium-6 small-12 large-6\"  >\n\t\t\t\t<div class=\"col-inner\"  >\n\t\t\t\n\t\t\t\n\n\t<div class=\"img has-hover x md-x lg-x y md-y lg-y\" id=\"image_1815671253\">\n\t\t\t\t\t\t\t\t<div class=\"img-inner dark\" >\n\t\t\t<img width=\"250\" height=\"38\" src=\"https:\/\/sytech.at\/wp-content\/uploads\/2022\/06\/garantie.jpg\" class=\"attachment-large size-large\" alt=\"\" loading=\"lazy\" srcset=\"https:\/\/sytech.at\/wp-content\/uploads\/2022\/06\/garantie.jpg 250w, https:\/\/sytech.at\/wp-content\/uploads\/2022\/06\/garantie-18x3.jpg 18w\" sizes=\"(max-width: 250px) 100vw, 250px\" \/>\t\t\t\t\t\t\n\t\t\t\t\t<\/div>\n\t\t\t\t\t\t\t\t\n<style>\n#image_1815671253 {\n  width: 100%;\n}\n<\/style>\n\t<\/div>\n\t\n\n\n\t\t<\/div>\n\t\t\t\t\t<\/div>\n\n\t\n\n\t<div id=\"col-1627685915\" class=\"col medium-6 small-12 large-6\"  >\n\t\t\t\t<div class=\"col-inner\"  >\n\t\t\t\n\t\t\t\n\n\t<div class=\"img has-hover x md-x lg-x y md-y lg-y\" id=\"image_1622839069\">\n\t\t\t\t\t\t\t\t<div class=\"img-inner dark\" >\n\t\t\t<img width=\"50\" height=\"50\" src=\"https:\/\/sytech.at\/wp-content\/uploads\/2022\/06\/esd_logo_5.jpg\" class=\"attachment-large size-large\" alt=\"\" loading=\"lazy\" srcset=\"https:\/\/sytech.at\/wp-content\/uploads\/2022\/06\/esd_logo_5.jpg 50w, https:\/\/sytech.at\/wp-content\/uploads\/2022\/06\/esd_logo_5-12x12.jpg 12w\" sizes=\"(max-width: 50px) 100vw, 50px\" \/>\t\t\t\t\t\t\n\t\t\t\t\t<\/div>\n\t\t\t\t\t\t\t\t\n<style>\n#image_1622839069 {\n  width: 15%;\n}\n<\/style>\n\t<\/div>\n\t\n\n\n\t\t<\/div>\n\t\t\t\t\t<\/div>\n\n\t\n\n<\/div>\n\n\t\t<\/div>\n\t\t\t\t\n<style>\n#col-1970388064 > .col-inner {\n  padding: 20px 0px 0px 30px;\n  margin: 0px 0px -40px 0px;\n}\n<\/style>\n\t<\/div>\n\n\t\n\n<\/div>\n\n\t\t<\/div>\n\t\t\t\t\n<style>\n#col-629845130 > .col-inner {\n  margin: 0px 0px -20px 0px;\n  border-radius: 20px;\n}\n<\/style>\n\t<\/div>\n\n\t\n\n\t<div id=\"col-1311083067\" class=\"col small-12 large-12\"  >\n\t\t\t\t<div class=\"col-inner box-shadow-2\" style=\"background-color:rgb(255, 255, 255);\" >\n\t\t\t\n\t\t\t\n\n<div class=\"row\"  id=\"row-1509537987\">\n\n\n\t<div id=\"col-94584576\" class=\"col medium-3 small-12 large-3\"  >\n\t\t\t\t<div class=\"col-inner text-left\"  >\n\t\t\t\n\t\t\t\n\n\t<div class=\"img has-hover x md-x lg-x y md-y lg-y\" id=\"image_650868871\">\n\t\t\t\t\t\t\t\t<div class=\"img-inner dark\" >\n\t\t\t<img width=\"147\" height=\"250\" src=\"https:\/\/sytech.at\/wp-content\/uploads\/2022\/06\/ws4211tpu.jpg\" class=\"attachment-large size-large\" alt=\"\" loading=\"lazy\" srcset=\"https:\/\/sytech.at\/wp-content\/uploads\/2022\/06\/ws4211tpu.jpg 147w, https:\/\/sytech.at\/wp-content\/uploads\/2022\/06\/ws4211tpu-7x12.jpg 7w\" sizes=\"(max-width: 147px) 100vw, 147px\" \/>\t\t\t\t\t\t\n\t\t\t\t\t<\/div>\n\t\t\t\t\t\t\t\t\n<style>\n#image_650868871 {\n  width: 100%;\n}\n<\/style>\n\t<\/div>\n\t\n\n\t<div id=\"text-1302247959\" class=\"text\">\n\t\t\n\n<p>WS 4211 TPU\n<\/p>\n\t\t\n<style>\n#text-1302247959 {\n  text-align: center;\n}\n<\/style>\n\t<\/div>\n\t\n\n\t\t<\/div>\n\t\t\t\t\n<style>\n#col-94584576 > .col-inner {\n  padding: 20px 0px 0px 20px;\n}\n<\/style>\n\t<\/div>\n\n\t\n\n\t<div id=\"col-1972433197\" class=\"col medium-3 small-12 large-3\"  >\n\t\t\t\t<div class=\"col-inner text-center\"  >\n\t\t\t\n\t\t\t\n\n\t<div class=\"img has-hover x md-x lg-x y md-y lg-y\" id=\"image_608263159\">\n\t\t\t\t\t\t\t\t<div class=\"img-inner dark\" >\n\t\t\t<img width=\"147\" height=\"250\" src=\"https:\/\/sytech.at\/wp-content\/uploads\/2022\/06\/ws3010.jpg\" class=\"attachment-large size-large\" alt=\"\" loading=\"lazy\" srcset=\"https:\/\/sytech.at\/wp-content\/uploads\/2022\/06\/ws3010.jpg 147w, https:\/\/sytech.at\/wp-content\/uploads\/2022\/06\/ws3010-7x12.jpg 7w\" sizes=\"(max-width: 147px) 100vw, 147px\" \/>\t\t\t\t\t\t\n\t\t\t\t\t<\/div>\n\t\t\t\t\t\t\t\t\n<style>\n#image_608263159 {\n  width: 88%;\n}\n<\/style>\n\t<\/div>\n\t\n\n\t<div id=\"text-1673494453\" class=\"text\">\n\t\t\n\n<p>WS 3010\n<\/p>\n\t\t\n<style>\n#text-1673494453 {\n  text-align: center;\n}\n<\/style>\n\t<\/div>\n\t\n\n\t\t<\/div>\n\t\t\t\t\n<style>\n#col-1972433197 > .col-inner {\n  padding: 20px 0px 0px 0px;\n}\n<\/style>\n\t<\/div>\n\n\t\n\n\t<div id=\"col-1185210840\" class=\"col medium-3 small-12 large-3\"  >\n\t\t\t\t<div class=\"col-inner text-center\"  >\n\t\t\t\n\t\t\t\n\n\t<div class=\"img has-hover x md-x lg-x y md-y lg-y\" id=\"image_1078772777\">\n\t\t\t\t\t\t\t\t<div class=\"img-inner dark\" >\n\t\t\t<img width=\"147\" height=\"250\" src=\"https:\/\/sytech.at\/wp-content\/uploads\/2022\/06\/ws4011tpu.jpg\" class=\"attachment-large size-large\" alt=\"\" loading=\"lazy\" srcset=\"https:\/\/sytech.at\/wp-content\/uploads\/2022\/06\/ws4011tpu.jpg 147w, https:\/\/sytech.at\/wp-content\/uploads\/2022\/06\/ws4011tpu-7x12.jpg 7w\" sizes=\"(max-width: 147px) 100vw, 147px\" \/>\t\t\t\t\t\t\n\t\t\t\t\t<\/div>\n\t\t\t\t\t\t\t\t\n<style>\n#image_1078772777 {\n  width: 88%;\n}\n<\/style>\n\t<\/div>\n\t\n\n\t<div id=\"text-3867993404\" class=\"text\">\n\t\t\n\n<p>WS 4011 TPU\n<\/p>\n\t\t\n<style>\n#text-3867993404 {\n  text-align: center;\n}\n<\/style>\n\t<\/div>\n\t\n\n\t\t<\/div>\n\t\t\t\t\n<style>\n#col-1185210840 > .col-inner {\n  padding: 20px 0px 0px 0px;\n}\n<\/style>\n\t<\/div>\n\n\t\n\n\t<div id=\"col-1724626416\" class=\"col medium-3 small-12 large-3\"  >\n\t\t\t\t<div class=\"col-inner text-left\"  >\n\t\t\t\n\t\t\t\n\n\t<div class=\"img has-hover x md-x lg-x y md-y lg-y\" id=\"image_1728042292\">\n\t\t\t\t\t\t\t\t<div class=\"img-inner dark\" >\n\t\t\t<img width=\"147\" height=\"250\" src=\"https:\/\/sytech.at\/wp-content\/uploads\/2022\/06\/ws3020pu.jpg\" class=\"attachment-large size-large\" alt=\"\" loading=\"lazy\" srcset=\"https:\/\/sytech.at\/wp-content\/uploads\/2022\/06\/ws3020pu.jpg 147w, https:\/\/sytech.at\/wp-content\/uploads\/2022\/06\/ws3020pu-7x12.jpg 7w\" sizes=\"(max-width: 147px) 100vw, 147px\" \/>\t\t\t\t\t\t\n\t\t\t\t\t<\/div>\n\t\t\t\t\t\t\t\t\n<style>\n#image_1728042292 {\n  width: 100%;\n}\n<\/style>\n\t<\/div>\n\t\n\n\t<div id=\"text-272994698\" class=\"text\">\n\t\t\n\n<p>WS 3020 PU Classic\n<\/p>\n\t\t\n<style>\n#text-272994698 {\n  text-align: center;\n}\n<\/style>\n\t<\/div>\n\t\n\n\t\t<\/div>\n\t\t\t\t\n<style>\n#col-1724626416 > .col-inner {\n  padding: 20px 20px 0px 0px;\n}\n<\/style>\n\t<\/div>\n\n\t\n\n<\/div>\n\n\t\t<\/div>\n\t\t\t\t\n<style>\n#col-1311083067 > .col-inner {\n  margin: 0px 0px -20px 0px;\n  border-radius: 20px;\n}\n<\/style>\n\t<\/div>\n\n\t\n\n<\/div>","protected":false},"excerpt":{"rendered":"","protected":false},"author":1,"featured_media":0,"parent":0,"menu_order":0,"comment_status":"closed","ping_status":"closed","template":"page-left-sidebar.php","meta":[],"yoast_head":"<!-- This site is optimized with the Yoast SEO plugin v19.5.1 - https:\/\/yoast.com\/wordpress\/plugins\/seo\/ -->\n<title>stehhilfen - Sytech<\/title>\n<meta name=\"robots\" content=\"index, follow, max-snippet:-1, max-image-preview:large, max-video-preview:-1\" \/>\n<link rel=\"canonical\" href=\"https:\/\/sytech.at\/en\/stehhilfen\/\" \/>\n<meta property=\"og:locale\" content=\"en_GB\" \/>\n<meta property=\"og:type\" content=\"article\" \/>\n<meta property=\"og:title\" content=\"stehhilfen - Sytech\" \/>\n<meta property=\"og:url\" content=\"https:\/\/sytech.at\/en\/stehhilfen\/\" \/>\n<meta property=\"og:site_name\" content=\"Sytech\" \/>\n<meta property=\"article:modified_time\" content=\"2022-06-29T12:20:32+00:00\" \/>\n<meta name=\"twitter:card\" content=\"summary_large_image\" \/>\n<meta name=\"twitter:label1\" content=\"Estimated reading time\" \/>\n\t<meta name=\"twitter:data1\" content=\"1 minute\" \/>\n<script type=\"application\/ld+json\" class=\"yoast-schema-graph\">{\"@context\":\"https:\/\/schema.org\",\"@graph\":[{\"@type\":\"WebPage\",\"@id\":\"https:\/\/sytech.at\/en\/stehhilfen\/\",\"url\":\"https:\/\/sytech.at\/en\/stehhilfen\/\",\"name\":\"stehhilfen - Sytech\",\"isPartOf\":{\"@id\":\"https:\/\/sytech.at\/#website\"},\"datePublished\":\"2022-06-29T12:03:41+00:00\",\"dateModified\":\"2022-06-29T12:20:32+00:00\",\"breadcrumb\":{\"@id\":\"https:\/\/sytech.at\/en\/stehhilfen\/#breadcrumb\"},\"inLanguage\":\"en-GB\",\"potentialAction\":[{\"@type\":\"ReadAction\",\"target\":[\"https:\/\/sytech.at\/en\/stehhilfen\/\"]}]},{\"@type\":\"BreadcrumbList\",\"@id\":\"https:\/\/sytech.at\/en\/stehhilfen\/#breadcrumb\",\"itemListElement\":[{\"@type\":\"ListItem\",\"position\":1,\"name\":\"Startseite\",\"item\":\"https:\/\/sytech.at\/\"},{\"@type\":\"ListItem\",\"position\":2,\"name\":\"stehhilfen\"}]},{\"@type\":\"WebSite\",\"@id\":\"https:\/\/sytech.at\/#website\",\"url\":\"https:\/\/sytech.at\/\",\"name\":\"Sytech\",\"description\":\"Ergonomie am Arbeitsplatz\",\"publisher\":{\"@id\":\"https:\/\/sytech.at\/#organization\"},\"potentialAction\":[{\"@type\":\"SearchAction\",\"target\":{\"@type\":\"EntryPoint\",\"urlTemplate\":\"https:\/\/sytech.at\/?s={search_term_string}\"},\"query-input\":\"required name=search_term_string\"}],\"inLanguage\":\"en-GB\"},{\"@type\":\"Organization\",\"@id\":\"https:\/\/sytech.at\/#organization\",\"name\":\"Sytech\",\"url\":\"https:\/\/sytech.at\/\",\"sameAs\":[],\"logo\":{\"@type\":\"ImageObject\",\"inLanguage\":\"en-GB\",\"@id\":\"https:\/\/sytech.at\/#\/schema\/logo\/image\/\",\"url\":\"https:\/\/sytech.at\/wp-content\/uploads\/2022\/01\/Unbenannt-1.png\",\"contentUrl\":\"https:\/\/sytech.at\/wp-content\/uploads\/2022\/01\/Unbenannt-1.png\",\"width\":977,\"height\":245,\"caption\":\"Sytech\"},\"image\":{\"@id\":\"https:\/\/sytech.at\/#\/schema\/logo\/image\/\"}}]}<\/script>\n<!-- \/ Yoast SEO plugin. -->","yoast_head_json":{"title":"stehhilfen - Sytech","robots":{"index":"index","follow":"follow","max-snippet":"max-snippet:-1","max-image-preview":"max-image-preview:large","max-video-preview":"max-video-preview:-1"},"canonical":"https:\/\/sytech.at\/en\/stehhilfen\/","og_locale":"en_GB","og_type":"article","og_title":"stehhilfen - Sytech","og_url":"https:\/\/sytech.at\/en\/stehhilfen\/","og_site_name":"Sytech","article_modified_time":"2022-06-29T12:20:32+00:00","twitter_card":"summary_large_image","twitter_misc":{"Estimated reading time":"1 minute"},"schema":{"@context":"https:\/\/schema.org","@graph":[{"@type":"WebPage","@id":"https:\/\/sytech.at\/en\/stehhilfen\/","url":"https:\/\/sytech.at\/en\/stehhilfen\/","name":"stehhilfen - Sytech","isPartOf":{"@id":"https:\/\/sytech.at\/#website"},"datePublished":"2022-06-29T12:03:41+00:00","dateModified":"2022-06-29T12:20:32+00:00","breadcrumb":{"@id":"https:\/\/sytech.at\/en\/stehhilfen\/#breadcrumb"},"inLanguage":"en-GB","potentialAction":[{"@type":"ReadAction","target":["https:\/\/sytech.at\/en\/stehhilfen\/"]}]},{"@type":"BreadcrumbList","@id":"https:\/\/sytech.at\/en\/stehhilfen\/#breadcrumb","itemListElement":[{"@type":"ListItem","position":1,"name":"Startseite","item":"https:\/\/sytech.at\/"},{"@type":"ListItem","position":2,"name":"stehhilfen"}]},{"@type":"WebSite","@id":"https:\/\/sytech.at\/#website","url":"https:\/\/sytech.at\/","name":"Sytech","description":"Ergonomie am Arbeitsplatz","publisher":{"@id":"https:\/\/sytech.at\/#organization"},"potentialAction":[{"@type":"SearchAction","target":{"@type":"EntryPoint","urlTemplate":"https:\/\/sytech.at\/?s={search_term_string}"},"query-input":"required name=search_term_string"}],"inLanguage":"en-GB"},{"@type":"Organization","@id":"https:\/\/sytech.at\/#organization","name":"Sytech","url":"https:\/\/sytech.at\/","sameAs":[],"logo":{"@type":"ImageObject","inLanguage":"en-GB","@id":"https:\/\/sytech.at\/#\/schema\/logo\/image\/","url":"https:\/\/sytech.at\/wp-content\/uploads\/2022\/01\/Unbenannt-1.png","contentUrl":"https:\/\/sytech.at\/wp-content\/uploads\/2022\/01\/Unbenannt-1.png","width":977,"height":245,"caption":"Sytech"},"image":{"@id":"https:\/\/sytech.at\/#\/schema\/logo\/image\/"}}]}},"_links":{"self":[{"href":"https:\/\/sytech.at\/en\/wp-json\/wp\/v2\/pages\/1483"}],"collection":[{"href":"https:\/\/sytech.at\/en\/wp-json\/wp\/v2\/pages"}],"about":[{"href":"https:\/\/sytech.at\/en\/wp-json\/wp\/v2\/types\/page"}],"author":[{"embeddable":true,"href":"https:\/\/sytech.at\/en\/wp-json\/wp\/v2\/users\/1"}],"replies":[{"embeddable":true,"href":"https:\/\/sytech.at\/en\/wp-json\/wp\/v2\/comments?post=1483"}],"version-history":[{"count":3,"href":"https:\/\/sytech.at\/en\/wp-json\/wp\/v2\/pages\/1483\/revisions"}],"predecessor-version":[{"id":1491,"href":"https:\/\/sytech.at\/en\/wp-json\/wp\/v2\/pages\/1483\/revisions\/1491"}],"wp:attachment":[{"href":"https:\/\/sytech.at\/en\/wp-json\/wp\/v2\/media?parent=1483"}],"curies":[{"name":"wp","href":"https:\/\/api.w.org\/{rel}","templated":true}]}}