{"id":1465,"date":"2022-06-29T13:51:16","date_gmt":"2022-06-29T11:51:16","guid":{"rendered":"https:\/\/sytech.at\/?page_id=1465"},"modified":"2022-06-29T14:36:51","modified_gmt":"2022-06-29T12:36:51","slug":"arbeitsstuehle-labornassraum","status":"publish","type":"page","link":"https:\/\/sytech.at\/en\/arbeitsstuehle-labornassraum\/","title":{"rendered":"arbeitsstuehle-labornassraum"},"content":{"rendered":"<div class=\"row\"  id=\"row-641395194\">\n\n\n\t<div id=\"col-2022941023\" class=\"col small-12 large-12\"  >\n\t\t\t\t<div class=\"col-inner box-shadow-2\" style=\"background-color:rgb(255, 255, 255);\" >\n\t\t\t\n\t\t\t\n\n<div class=\"row\"  id=\"row-813348042\">\n\n\n\t<div id=\"col-1489821297\" class=\"col medium-6 small-12 large-6\"  >\n\t\t\t\t<div class=\"col-inner text-left\"  >\n\t\t\t\n\t\t\t\n\n<h1>Labor &amp; Nassraum<\/h1>\n\t<div id=\"text-2267934553\" class=\"text\">\n\t\t\n\n<p><strong>Drehst\u00fchle f\u00fcr Nassr\u00e4ume, die chemische Industrie und Labore<\/strong><\/p>\n<p><strong>Ergonomisch<\/strong><\/p>\n<ul>\n<li class=\"bullet-arrow\">Sitz- und Lehne sind integralschaumgepolstert mit Klimakomfort.<\/li>\n<li class=\"bullet-arrow\">Die GMP-St\u00fchle verf\u00fcgen \u00fcber eine Sitztr\u00e4gerabdeckung und \u00dcberrohr sowie eine Sicherheitsgasfeder<\/li>\n<\/ul>\n<p>Drei Kombinations-Beispiele aus unserem umfangreichen Baukastensystem: Bitte\u00a0<a href=\"https:\/\/sytech.at\/en\/kontakt\/\">kontaktieren\u00a0<\/a>Sie uns f\u00fcr n\u00e4here Details<\/p>\n\t\t\n<style>\n#text-2267934553 {\n  font-size: 0.75rem;\n}\n<\/style>\n\t<\/div>\n\t\n\t<div class=\"img has-hover x md-x lg-x y md-y lg-y\" id=\"image_48729943\">\n\t\t\t\t\t\t\t\t<div class=\"img-inner dark\" >\n\t\t\t<img width=\"250\" height=\"38\" src=\"https:\/\/sytech.at\/wp-content\/uploads\/2022\/06\/garantie.jpg\" class=\"attachment-large size-large\" alt=\"\" loading=\"lazy\" srcset=\"https:\/\/sytech.at\/wp-content\/uploads\/2022\/06\/garantie.jpg 250w, https:\/\/sytech.at\/wp-content\/uploads\/2022\/06\/garantie-18x3.jpg 18w\" sizes=\"(max-width: 250px) 100vw, 250px\" \/>\t\t\t\t\t\t\n\t\t\t\t\t<\/div>\n\t\t\t\t\t\t\t\t\n<style>\n#image_48729943 {\n  width: 100%;\n}\n<\/style>\n\t<\/div>\n\t\n\n<div class=\"row\"  id=\"row-1907352404\">\n\n\n\t<div id=\"col-2048483649\" class=\"col medium-6 small-12 large-6\"  >\n\t\t\t\t<div class=\"col-inner\"  >\n\t\t\t\n\t\t\t\n\n\t<div class=\"img has-hover x md-x lg-x y md-y lg-y\" id=\"image_803963211\">\n\t\t\t\t\t\t\t\t<div class=\"img-inner dark\" >\n\t\t\t<img width=\"100\" height=\"51\" src=\"https:\/\/sytech.at\/wp-content\/uploads\/2022\/06\/fraunhofer_logo.jpg\" class=\"attachment-large size-large\" alt=\"\" loading=\"lazy\" srcset=\"https:\/\/sytech.at\/wp-content\/uploads\/2022\/06\/fraunhofer_logo.jpg 100w, https:\/\/sytech.at\/wp-content\/uploads\/2022\/06\/fraunhofer_logo-18x9.jpg 18w\" sizes=\"(max-width: 100px) 100vw, 100px\" \/>\t\t\t\t\t\t\n\t\t\t\t\t<\/div>\n\t\t\t\t\t\t\t\t\n<style>\n#image_803963211 {\n  width: 100%;\n}\n<\/style>\n\t<\/div>\n\t\n\n\n\t\t<\/div>\n\t\t\t\t\t<\/div>\n\n\t\n\n\t<div id=\"col-1849398973\" class=\"col medium-6 small-12 large-6\"  >\n\t\t\t\t<div class=\"col-inner text-left\"  >\n\t\t\t\n\t\t\t\n\n\t<div class=\"img has-hover x md-x lg-x y md-y lg-y\" id=\"image_284685784\">\n\t\t\t\t\t\t\t\t<div class=\"img-inner dark\" >\n\t\t\t<img width=\"50\" height=\"50\" src=\"https:\/\/sytech.at\/wp-content\/uploads\/2022\/06\/esd_logo_5.jpg\" class=\"attachment-large size-large\" alt=\"\" loading=\"lazy\" srcset=\"https:\/\/sytech.at\/wp-content\/uploads\/2022\/06\/esd_logo_5.jpg 50w, https:\/\/sytech.at\/wp-content\/uploads\/2022\/06\/esd_logo_5-12x12.jpg 12w\" sizes=\"(max-width: 50px) 100vw, 50px\" \/>\t\t\t\t\t\t\n\t\t\t\t\t<\/div>\n\t\t\t\t\t\t\t\t\n<style>\n#image_284685784 {\n  width: 34%;\n}\n<\/style>\n\t<\/div>\n\t\n\n\n\t\t<\/div>\n\t\t\t\t\t<\/div>\n\n\t\n\n<\/div>\n\n\t\t<\/div>\n\t\t\t\t\n<style>\n#col-1489821297 > .col-inner {\n  padding: 20px 0px 0px 30px;\n  margin: 0px 0px -40px 0px;\n}\n<\/style>\n\t<\/div>\n\n\t\n\n\t<div id=\"col-341188560\" class=\"col medium-6 small-12 large-6\"  >\n\t\t\t\t<div class=\"col-inner text-center\"  >\n\t\t\t\n\t\t\t\n\n\t<div class=\"img has-hover x md-x lg-x y md-y lg-y\" id=\"image_1138701145\">\n\t\t\t\t\t\t\t\t<div class=\"img-inner box-shadow-3 dark\" >\n\t\t\t<img width=\"185\" height=\"301\" src=\"https:\/\/sytech.at\/wp-content\/uploads\/2022\/06\/laborstuhl.jpg\" class=\"attachment-large size-large\" alt=\"\" loading=\"lazy\" srcset=\"https:\/\/sytech.at\/wp-content\/uploads\/2022\/06\/laborstuhl.jpg 185w, https:\/\/sytech.at\/wp-content\/uploads\/2022\/06\/laborstuhl-7x12.jpg 7w\" sizes=\"(max-width: 185px) 100vw, 185px\" \/>\t\t\t\t\t\t\n\t\t\t\t\t<\/div>\n\t\t\t\t\t\t\t\t\n<style>\n#image_1138701145 {\n  width: 60%;\n}\n<\/style>\n\t<\/div>\n\t\n\n\n\t\t<\/div>\n\t\t\t\t\n<style>\n#col-341188560 > .col-inner {\n  padding: 20px 20px 0px 20px;\n  margin: 0px 0px -19px 0px;\n  border-radius: 20px;\n}\n<\/style>\n\t<\/div>\n\n\t\n\n<\/div>\n\n\t\t<\/div>\n\t\t\t\t\n<style>\n#col-2022941023 > .col-inner {\n  margin: 0px 0px -20px 0px;\n  border-radius: 20px;\n}\n<\/style>\n\t<\/div>\n\n\t\n\n\t<div id=\"col-1919003461\" class=\"col small-12 large-12\"  >\n\t\t\t\t<div class=\"col-inner box-shadow-2\" style=\"background-color:rgb(255, 255, 255);\" >\n\t\t\t\n\t\t\t\n\n<div class=\"row\"  id=\"row-1596356006\">\n\n\n\t<div id=\"col-1216157980\" class=\"col medium-3 small-12 large-3\"  >\n\t\t\t\t<div class=\"col-inner text-left\"  >\n\t\t\t\n\t\t\t\n\n\t<div class=\"img has-hover x md-x lg-x y md-y lg-y\" id=\"image_1511792763\">\n\t\t\t\t\t\t\t\t<div class=\"img-inner dark\" >\n\t\t\t<img width=\"147\" height=\"250\" src=\"https:\/\/sytech.at\/wp-content\/uploads\/2022\/06\/ws1220gmp.jpg\" class=\"attachment-large size-large\" alt=\"\" loading=\"lazy\" srcset=\"https:\/\/sytech.at\/wp-content\/uploads\/2022\/06\/ws1220gmp.jpg 147w, https:\/\/sytech.at\/wp-content\/uploads\/2022\/06\/ws1220gmp-7x12.jpg 7w\" sizes=\"(max-width: 147px) 100vw, 147px\" \/>\t\t\t\t\t\t\n\t\t\t\t\t<\/div>\n\t\t\t\t\t\t\t\t\n<style>\n#image_1511792763 {\n  width: 100%;\n}\n<\/style>\n\t<\/div>\n\t\n\n\t<div id=\"text-4122536155\" class=\"text\">\n\t\t\n\n<p>WS 1220 GMP\n<\/p>\n\n\t\t\n<style>\n#text-4122536155 {\n  text-align: center;\n}\n<\/style>\n\t<\/div>\n\t\n\n\t\t<\/div>\n\t\t\t\t\n<style>\n#col-1216157980 > .col-inner {\n  padding: 20px 0px 0px 20px;\n}\n<\/style>\n\t<\/div>\n\n\t\n\n\t<div id=\"col-263736108\" class=\"col medium-3 small-12 large-3\"  >\n\t\t\t\t<div class=\"col-inner text-left\"  >\n\t\t\t\n\t\t\t\n\n\t<div class=\"img has-hover x md-x lg-x y md-y lg-y\" id=\"image_10193154\">\n\t\t\t\t\t\t\t\t<div class=\"img-inner dark\" >\n\t\t\t<img width=\"147\" height=\"250\" src=\"https:\/\/sytech.at\/wp-content\/uploads\/2022\/06\/ws1411.jpg\" class=\"attachment-large size-large\" alt=\"\" loading=\"lazy\" srcset=\"https:\/\/sytech.at\/wp-content\/uploads\/2022\/06\/ws1411.jpg 147w, https:\/\/sytech.at\/wp-content\/uploads\/2022\/06\/ws1411-7x12.jpg 7w\" sizes=\"(max-width: 147px) 100vw, 147px\" \/>\t\t\t\t\t\t\n\t\t\t\t\t<\/div>\n\t\t\t\t\t\t\t\t\n<style>\n#image_10193154 {\n  width: 88%;\n}\n<\/style>\n\t<\/div>\n\t\n\n\t<div id=\"text-709372438\" class=\"text\">\n\t\t\n\n<p>WS 1411\n<\/p>\n\n\t\t\n<style>\n#text-709372438 {\n  text-align: center;\n}\n<\/style>\n\t<\/div>\n\t\n\n\t\t<\/div>\n\t\t\t\t\n<style>\n#col-263736108 > .col-inner {\n  padding: 20px 0px 0px 0px;\n}\n<\/style>\n\t<\/div>\n\n\t\n\n\t<div id=\"col-250048230\" class=\"col medium-3 small-12 large-3\"  >\n\t\t\t\t<div class=\"col-inner text-left\"  >\n\t\t\t\n\t\t\t\n\n\t<div class=\"img has-hover x md-x lg-x y md-y lg-y\" id=\"image_1185542384\">\n\t\t\t\t\t\t\t\t<div class=\"img-inner dark\" >\n\t\t\t<img width=\"147\" height=\"250\" src=\"https:\/\/sytech.at\/wp-content\/uploads\/2022\/06\/ws144211gf.jpg\" class=\"attachment-large size-large\" alt=\"\" loading=\"lazy\" srcset=\"https:\/\/sytech.at\/wp-content\/uploads\/2022\/06\/ws144211gf.jpg 147w, https:\/\/sytech.at\/wp-content\/uploads\/2022\/06\/ws144211gf-7x12.jpg 7w\" sizes=\"(max-width: 147px) 100vw, 147px\" \/>\t\t\t\t\t\t\n\t\t\t\t\t<\/div>\n\t\t\t\t\t\t\t\t\n<style>\n#image_1185542384 {\n  width: 88%;\n}\n<\/style>\n\t<\/div>\n\t\n\n\t<div id=\"text-3935221848\" class=\"text\">\n\t\t\n\n<p>WS 144211 GF\n<\/p>\n\n\t\t\n<style>\n#text-3935221848 {\n  text-align: center;\n}\n<\/style>\n\t<\/div>\n\t\n\n\t\t<\/div>\n\t\t\t\t\n<style>\n#col-250048230 > .col-inner {\n  padding: 20px 0px 0px 0px;\n}\n<\/style>\n\t<\/div>\n\n\t\n\n\t<div id=\"col-1811275561\" class=\"col medium-3 small-12 large-3\"  >\n\t\t\t\t<div class=\"col-inner text-left\"  >\n\t\t\t\n\t\t\t\n\n\t<div class=\"img has-hover x md-x lg-x y md-y lg-y\" id=\"image_601912667\">\n\t\t\t\t\t\t\t\t<div class=\"img-inner dark\" >\n\t\t\t<img width=\"147\" height=\"250\" src=\"https:\/\/sytech.at\/wp-content\/uploads\/2022\/06\/ws5050gmp.jpg\" class=\"attachment-large size-large\" alt=\"\" loading=\"lazy\" srcset=\"https:\/\/sytech.at\/wp-content\/uploads\/2022\/06\/ws5050gmp.jpg 147w, https:\/\/sytech.at\/wp-content\/uploads\/2022\/06\/ws5050gmp-7x12.jpg 7w\" sizes=\"(max-width: 147px) 100vw, 147px\" \/>\t\t\t\t\t\t\n\t\t\t\t\t<\/div>\n\t\t\t\t\t\t\t\t\n<style>\n#image_601912667 {\n  width: 100%;\n}\n<\/style>\n\t<\/div>\n\t\n\n\t<div id=\"text-2916472182\" class=\"text\">\n\t\t\n\n<p>WS 5050 GMP\n<\/p>\n\n\t\t\n<style>\n#text-2916472182 {\n  text-align: center;\n}\n<\/style>\n\t<\/div>\n\t\n\n\t\t<\/div>\n\t\t\t\t\n<style>\n#col-1811275561 > .col-inner {\n  padding: 20px 20px 0px 0px;\n}\n<\/style>\n\t<\/div>\n\n\t\n\n<\/div>\n\n\t\t<\/div>\n\t\t\t\t\n<style>\n#col-1919003461 > .col-inner {\n  margin: 0px 0px -20px 0px;\n  border-radius: 20px;\n}\n<\/style>\n\t<\/div>\n\n\t\n\n<\/div>","protected":false},"excerpt":{"rendered":"","protected":false},"author":1,"featured_media":0,"parent":0,"menu_order":0,"comment_status":"closed","ping_status":"closed","template":"page-left-sidebar.php","meta":[],"yoast_head":"<!-- This site is optimized with the Yoast SEO plugin v19.5.1 - https:\/\/yoast.com\/wordpress\/plugins\/seo\/ -->\n<title>arbeitsstuehle-labornassraum - Sytech<\/title>\n<meta name=\"robots\" content=\"index, follow, max-snippet:-1, max-image-preview:large, max-video-preview:-1\" \/>\n<link rel=\"canonical\" href=\"https:\/\/sytech.at\/en\/arbeitsstuehle-labornassraum\/\" \/>\n<meta property=\"og:locale\" content=\"en_GB\" \/>\n<meta property=\"og:type\" content=\"article\" \/>\n<meta property=\"og:title\" content=\"arbeitsstuehle-labornassraum - Sytech\" \/>\n<meta property=\"og:url\" content=\"https:\/\/sytech.at\/en\/arbeitsstuehle-labornassraum\/\" \/>\n<meta property=\"og:site_name\" content=\"Sytech\" \/>\n<meta property=\"article:modified_time\" content=\"2022-06-29T12:36:51+00:00\" \/>\n<meta name=\"twitter:card\" content=\"summary_large_image\" \/>\n<meta name=\"twitter:label1\" content=\"Estimated reading time\" \/>\n\t<meta name=\"twitter:data1\" content=\"1 minute\" \/>\n<script type=\"application\/ld+json\" class=\"yoast-schema-graph\">{\"@context\":\"https:\/\/schema.org\",\"@graph\":[{\"@type\":\"WebPage\",\"@id\":\"https:\/\/sytech.at\/arbeitsstuehle-labornassraum\/\",\"url\":\"https:\/\/sytech.at\/arbeitsstuehle-labornassraum\/\",\"name\":\"arbeitsstuehle-labornassraum - Sytech\",\"isPartOf\":{\"@id\":\"https:\/\/sytech.at\/#website\"},\"datePublished\":\"2022-06-29T11:51:16+00:00\",\"dateModified\":\"2022-06-29T12:36:51+00:00\",\"breadcrumb\":{\"@id\":\"https:\/\/sytech.at\/arbeitsstuehle-labornassraum\/#breadcrumb\"},\"inLanguage\":\"en-GB\",\"potentialAction\":[{\"@type\":\"ReadAction\",\"target\":[\"https:\/\/sytech.at\/arbeitsstuehle-labornassraum\/\"]}]},{\"@type\":\"BreadcrumbList\",\"@id\":\"https:\/\/sytech.at\/arbeitsstuehle-labornassraum\/#breadcrumb\",\"itemListElement\":[{\"@type\":\"ListItem\",\"position\":1,\"name\":\"Startseite\",\"item\":\"https:\/\/sytech.at\/\"},{\"@type\":\"ListItem\",\"position\":2,\"name\":\"arbeitsstuehle-labornassraum\"}]},{\"@type\":\"WebSite\",\"@id\":\"https:\/\/sytech.at\/#website\",\"url\":\"https:\/\/sytech.at\/\",\"name\":\"Sytech\",\"description\":\"Ergonomie am Arbeitsplatz\",\"publisher\":{\"@id\":\"https:\/\/sytech.at\/#organization\"},\"potentialAction\":[{\"@type\":\"SearchAction\",\"target\":{\"@type\":\"EntryPoint\",\"urlTemplate\":\"https:\/\/sytech.at\/?s={search_term_string}\"},\"query-input\":\"required name=search_term_string\"}],\"inLanguage\":\"en-GB\"},{\"@type\":\"Organization\",\"@id\":\"https:\/\/sytech.at\/#organization\",\"name\":\"Sytech\",\"url\":\"https:\/\/sytech.at\/\",\"sameAs\":[],\"logo\":{\"@type\":\"ImageObject\",\"inLanguage\":\"en-GB\",\"@id\":\"https:\/\/sytech.at\/#\/schema\/logo\/image\/\",\"url\":\"https:\/\/sytech.at\/wp-content\/uploads\/2022\/01\/Unbenannt-1.png\",\"contentUrl\":\"https:\/\/sytech.at\/wp-content\/uploads\/2022\/01\/Unbenannt-1.png\",\"width\":977,\"height\":245,\"caption\":\"Sytech\"},\"image\":{\"@id\":\"https:\/\/sytech.at\/#\/schema\/logo\/image\/\"}}]}<\/script>\n<!-- \/ Yoast SEO plugin. -->","yoast_head_json":{"title":"arbeitsstuehle-labornassraum - Sytech","robots":{"index":"index","follow":"follow","max-snippet":"max-snippet:-1","max-image-preview":"max-image-preview:large","max-video-preview":"max-video-preview:-1"},"canonical":"https:\/\/sytech.at\/en\/arbeitsstuehle-labornassraum\/","og_locale":"en_GB","og_type":"article","og_title":"arbeitsstuehle-labornassraum - Sytech","og_url":"https:\/\/sytech.at\/en\/arbeitsstuehle-labornassraum\/","og_site_name":"Sytech","article_modified_time":"2022-06-29T12:36:51+00:00","twitter_card":"summary_large_image","twitter_misc":{"Estimated reading time":"1 minute"},"schema":{"@context":"https:\/\/schema.org","@graph":[{"@type":"WebPage","@id":"https:\/\/sytech.at\/arbeitsstuehle-labornassraum\/","url":"https:\/\/sytech.at\/arbeitsstuehle-labornassraum\/","name":"arbeitsstuehle-labornassraum - Sytech","isPartOf":{"@id":"https:\/\/sytech.at\/#website"},"datePublished":"2022-06-29T11:51:16+00:00","dateModified":"2022-06-29T12:36:51+00:00","breadcrumb":{"@id":"https:\/\/sytech.at\/arbeitsstuehle-labornassraum\/#breadcrumb"},"inLanguage":"en-GB","potentialAction":[{"@type":"ReadAction","target":["https:\/\/sytech.at\/arbeitsstuehle-labornassraum\/"]}]},{"@type":"BreadcrumbList","@id":"https:\/\/sytech.at\/arbeitsstuehle-labornassraum\/#breadcrumb","itemListElement":[{"@type":"ListItem","position":1,"name":"Startseite","item":"https:\/\/sytech.at\/"},{"@type":"ListItem","position":2,"name":"arbeitsstuehle-labornassraum"}]},{"@type":"WebSite","@id":"https:\/\/sytech.at\/#website","url":"https:\/\/sytech.at\/","name":"Sytech","description":"Ergonomie am Arbeitsplatz","publisher":{"@id":"https:\/\/sytech.at\/#organization"},"potentialAction":[{"@type":"SearchAction","target":{"@type":"EntryPoint","urlTemplate":"https:\/\/sytech.at\/?s={search_term_string}"},"query-input":"required name=search_term_string"}],"inLanguage":"en-GB"},{"@type":"Organization","@id":"https:\/\/sytech.at\/#organization","name":"Sytech","url":"https:\/\/sytech.at\/","sameAs":[],"logo":{"@type":"ImageObject","inLanguage":"en-GB","@id":"https:\/\/sytech.at\/#\/schema\/logo\/image\/","url":"https:\/\/sytech.at\/wp-content\/uploads\/2022\/01\/Unbenannt-1.png","contentUrl":"https:\/\/sytech.at\/wp-content\/uploads\/2022\/01\/Unbenannt-1.png","width":977,"height":245,"caption":"Sytech"},"image":{"@id":"https:\/\/sytech.at\/#\/schema\/logo\/image\/"}}]}},"_links":{"self":[{"href":"https:\/\/sytech.at\/en\/wp-json\/wp\/v2\/pages\/1465"}],"collection":[{"href":"https:\/\/sytech.at\/en\/wp-json\/wp\/v2\/pages"}],"about":[{"href":"https:\/\/sytech.at\/en\/wp-json\/wp\/v2\/types\/page"}],"author":[{"embeddable":true,"href":"https:\/\/sytech.at\/en\/wp-json\/wp\/v2\/users\/1"}],"replies":[{"embeddable":true,"href":"https:\/\/sytech.at\/en\/wp-json\/wp\/v2\/comments?post=1465"}],"version-history":[{"count":6,"href":"https:\/\/sytech.at\/en\/wp-json\/wp\/v2\/pages\/1465\/revisions"}],"predecessor-version":[{"id":1504,"href":"https:\/\/sytech.at\/en\/wp-json\/wp\/v2\/pages\/1465\/revisions\/1504"}],"wp:attachment":[{"href":"https:\/\/sytech.at\/en\/wp-json\/wp\/v2\/media?parent=1465"}],"curies":[{"name":"wp","href":"https:\/\/api.w.org\/{rel}","templated":true}]}}