{"id":1432,"date":"2022-06-29T13:16:00","date_gmt":"2022-06-29T11:16:00","guid":{"rendered":"https:\/\/sytech.at\/?page_id=1432"},"modified":"2022-06-29T13:29:49","modified_gmt":"2022-06-29T11:29:49","slug":"arbeitsstuehle-klimastar","status":"publish","type":"page","link":"https:\/\/sytech.at\/en\/arbeitsstuehle-klimastar\/","title":{"rendered":"arbeitsstuehle-klimastar"},"content":{"rendered":"<div class=\"row\"  id=\"row-1465758350\">\n\n\n\t<div id=\"col-1020032126\" class=\"col small-12 large-12\"  >\n\t\t\t\t<div class=\"col-inner box-shadow-2\" style=\"background-color:rgb(255, 255, 255);\" >\n\t\t\t\n\t\t\t\n\n<div class=\"row\"  id=\"row-14817581\">\n\n\n\t<div id=\"col-1235728647\" class=\"col small-12 large-12\"  >\n\t\t\t\t<div class=\"col-inner\"  >\n\t\t\t\n\t\t\t\n\n<h1>Klimastar<\/h1>\n<h6><strong>Die ideale L\u00f6sung f\u00fcr Ihr Office oder Ihren Beratungsdesk<\/strong><\/h6>\n\n\t\t<\/div>\n\t\t\t\t\n<style>\n#col-1235728647 > .col-inner {\n  padding: 20px 20px 0px 20px;\n}\n<\/style>\n\t<\/div>\n\n\t\n\n\t<div id=\"col-587016219\" class=\"col medium-6 small-12 large-6\"  >\n\t\t\t\t<div class=\"col-inner\"  >\n\t\t\t\n\t\t\t\n\n\t<div id=\"text-3108437406\" class=\"text\">\n\t\t\n\n<h5><strong>Ergonomisch<\/strong><\/h5>\n<ul>\n<li class=\"bullet-arrow\">neigungsverstellbare gro\u00dfe Sitzfl\u00e4che<\/li>\n<li class=\"bullet-arrow\">hohe R\u00fcckenlehne: st\u00fctzt den oberen R\u00fcckenbereich und entlastet die Wirbels\u00e4ule<\/li>\n<li class=\"bullet-arrow\">feinregulierbarer Lehnenandruck<\/li>\n<li class=\"bullet-arrow\">bewegungssynchrone\u00a0<\/li>\n<li class=\"bullet-arrow\">Drehpunktverlagerung<\/li>\n<li class=\"bullet-arrow\">verhindert den Hemdauszieheffekt<\/li>\n<\/ul>\n<h5><strong>Klimakomfort<\/strong><\/h5>\n<p>perforierte Sitz- und Lehnfl\u00e4che<\/p>\n\t\t\n<style>\n#text-3108437406 {\n  font-size: 0.85rem;\n}\n<\/style>\n\t<\/div>\n\t\n\n\t\t<\/div>\n\t\t\t\t\n<style>\n#col-587016219 > .col-inner {\n  padding: 0px 0px 0px 20px;\n}\n<\/style>\n\t<\/div>\n\n\t\n\n\t<div id=\"col-90323924\" class=\"col medium-6 small-12 large-6\"  >\n\t\t\t\t<div class=\"col-inner\"  >\n\t\t\t\n\t\t\t\n\n\t<div id=\"text-2766905348\" class=\"text\">\n\t\t\n\n<h5><strong>Ergonomisch<\/strong><\/h5>\n<ul>\n<li class=\"bullet-arrow\">neigungsverstellbare gro\u00dfe Sitzfl\u00e4che<\/li>\n<li class=\"bullet-arrow\">hohe R\u00fcckenlehne: st\u00fctzt den oberen R\u00fcckenbereich und entlastet die Wirbels\u00e4ule<\/li>\n<li class=\"bullet-arrow\">feinregulierbarer Lehnenandruck<\/li>\n<li class=\"bullet-arrow\">bewegungssynchrone\u00a0<\/li>\n<li class=\"bullet-arrow\">Drehpunktverlagerung<\/li>\n<li class=\"bullet-arrow\">verhindert den Hemdauszieheffekt<\/li>\n<\/ul>\n<h5><strong>Hygienisch<\/strong><\/h5>\n<p>durch abnehmbare und auswechselbare Sitz- und Lehnenpolster<\/p>\n\t\t\n<style>\n#text-2766905348 {\n  font-size: 0.85rem;\n}\n<\/style>\n\t<\/div>\n\t\n\n\t\t<\/div>\n\t\t\t\t\n<style>\n#col-90323924 > .col-inner {\n  padding: 0px 20px 0px 0px;\n}\n<\/style>\n\t<\/div>\n\n\t\n\n\t<div id=\"col-117922651\" class=\"col medium-3 small-12 large-3\"  >\n\t\t\t\t<div class=\"col-inner\"  >\n\t\t\t\n\t\t\t\n\n\t<div class=\"img has-hover x md-x lg-x y md-y lg-y\" id=\"image_1433717051\">\n\t\t\t\t\t\t\t\t<div class=\"img-inner dark\" >\n\t\t\t<img width=\"97\" height=\"120\" src=\"https:\/\/sytech.at\/wp-content\/uploads\/2022\/06\/rueckrat_2.jpg\" class=\"attachment-large size-large\" alt=\"\" loading=\"lazy\" srcset=\"https:\/\/sytech.at\/wp-content\/uploads\/2022\/06\/rueckrat_2.jpg 97w, https:\/\/sytech.at\/wp-content\/uploads\/2022\/06\/rueckrat_2-10x12.jpg 10w\" sizes=\"(max-width: 97px) 100vw, 97px\" \/>\t\t\t\t\t\t\n\t\t\t\t\t<\/div>\n\t\t\t\t\t\t\t\t\n<style>\n#image_1433717051 {\n  width: 100%;\n}\n<\/style>\n\t<\/div>\n\t\n\n\n\t\t<\/div>\n\t\t\t\t\n<style>\n#col-117922651 > .col-inner {\n  padding: 0px 0px 0px 20px;\n}\n<\/style>\n\t<\/div>\n\n\t\n\n\t<div id=\"col-2022733393\" class=\"col medium-3 small-12 large-3\"  >\n\t\t\t\t<div class=\"col-inner\"  >\n\t\t\t\n\t\t\t\n\n\t<div class=\"img has-hover x md-x lg-x y md-y lg-y\" id=\"image_719491431\">\n\t\t\t\t\t\t\t\t<div class=\"img-inner dark\" >\n\t\t\t<img width=\"158\" height=\"69\" src=\"https:\/\/sytech.at\/wp-content\/uploads\/2022\/06\/garantie_logo.jpg\" class=\"attachment-large size-large\" alt=\"\" loading=\"lazy\" srcset=\"https:\/\/sytech.at\/wp-content\/uploads\/2022\/06\/garantie_logo.jpg 158w, https:\/\/sytech.at\/wp-content\/uploads\/2022\/06\/garantie_logo-18x8.jpg 18w\" sizes=\"(max-width: 158px) 100vw, 158px\" \/>\t\t\t\t\t\t\n\t\t\t\t\t<\/div>\n\t\t\t\t\t\t\t\t\n<style>\n#image_719491431 {\n  width: 100%;\n}\n<\/style>\n\t<\/div>\n\t\n\n\t<div class=\"img has-hover x md-x lg-x y md-y lg-y\" id=\"image_275103760\">\n\t\t\t\t\t\t\t\t<div class=\"img-inner dark\" >\n\t\t\t<img width=\"80\" height=\"120\" src=\"https:\/\/sytech.at\/wp-content\/uploads\/2022\/06\/abnehmbar2.jpg\" class=\"attachment-large size-large\" alt=\"\" loading=\"lazy\" srcset=\"https:\/\/sytech.at\/wp-content\/uploads\/2022\/06\/abnehmbar2.jpg 80w, https:\/\/sytech.at\/wp-content\/uploads\/2022\/06\/abnehmbar2-8x12.jpg 8w\" sizes=\"(max-width: 80px) 100vw, 80px\" \/>\t\t\t\t\t\t\n\t\t\t\t\t<\/div>\n\t\t\t\t\t\t\t\t\n<style>\n#image_275103760 {\n  width: 39%;\n}\n<\/style>\n\t<\/div>\n\t\n\n\n\t\t<\/div>\n\t\t\t\t\t<\/div>\n\n\t\n\n\t<div id=\"col-2101958297\" class=\"col small-12 large-12\"  >\n\t\t\t\t<div class=\"col-inner\"  >\n\t\t\t\n\t\t\t\n\n<div id=\"richtext_5\" class=\"contentElement ceDraggable\">\n<p><strong>Drei Kombinations-Beispiele aus unserem umfangreichen Baukastensystem: <\/strong>Bitte\u00a0<a href=\"https:\/\/sytech.at\/en\/kontakt\/\">kontaktieren<\/a>\u00a0Sie uns f\u00fcr n\u00e4here Details<\/p>\n<\/div>\n<div id=\"productlist_4\" class=\"contentElement ceDraggable\">\n<div class=\"products\">\n<div class=\"product\">\u00a0<\/div>\n<\/div>\n<\/div>\n\n\t\t<\/div>\n\t\t\t\t\n<style>\n#col-2101958297 > .col-inner {\n  padding: 0px 20px 0px 20px;\n}\n<\/style>\n\t<\/div>\n\n\t\n\n\t<div id=\"col-1075064890\" class=\"col medium-4 small-12 large-4\"  >\n\t\t\t\t<div class=\"col-inner text-center\"  >\n\t\t\t\n\t\t\t\n\n\t<div class=\"img has-hover x md-x lg-x y md-y lg-y\" id=\"image_575818045\">\n\t\t\t\t\t\t\t\t<div class=\"img-inner box-shadow-2 dark\" >\n\t\t\t<img width=\"147\" height=\"250\" src=\"https:\/\/sytech.at\/wp-content\/uploads\/2022\/06\/klima_200_1.jpg\" class=\"attachment-large size-large\" alt=\"\" loading=\"lazy\" srcset=\"https:\/\/sytech.at\/wp-content\/uploads\/2022\/06\/klima_200_1.jpg 147w, https:\/\/sytech.at\/wp-content\/uploads\/2022\/06\/klima_200_1-7x12.jpg 7w\" sizes=\"(max-width: 147px) 100vw, 147px\" \/>\t\t\t\t\t\t\n\t\t\t\t\t<\/div>\n\t\t\t\t\t\t\t\t\n<style>\n#image_575818045 {\n  width: 71.5%;\n}\n<\/style>\n\t<\/div>\n\t\n\n\t<div id=\"text-2886234516\" class=\"text\">\n\t\t\n\n<p>Klimastar WS 9210\n<\/p>\n\n\t\t\n<style>\n#text-2886234516 {\n  text-align: center;\n}\n<\/style>\n\t<\/div>\n\t\n\n\t\t<\/div>\n\t\t\t\t\n<style>\n#col-1075064890 > .col-inner {\n  padding: 0px 20px 0px 20px;\n}\n<\/style>\n\t<\/div>\n\n\t\n\n\t<div id=\"col-1002810941\" class=\"col medium-4 small-12 large-4\"  >\n\t\t\t\t<div class=\"col-inner\"  >\n\t\t\t\n\t\t\t\n\n\t<div class=\"img has-hover x md-x lg-x y md-y lg-y\" id=\"image_1012309954\">\n\t\t\t\t\t\t\t\t<div class=\"img-inner box-shadow-2 dark\" >\n\t\t\t<img width=\"150\" height=\"182\" src=\"https:\/\/sytech.at\/wp-content\/uploads\/2022\/06\/Classic_WS1320XL-1.png\" class=\"attachment-large size-large\" alt=\"\" loading=\"lazy\" srcset=\"https:\/\/sytech.at\/wp-content\/uploads\/2022\/06\/Classic_WS1320XL-1.png 150w, https:\/\/sytech.at\/wp-content\/uploads\/2022\/06\/Classic_WS1320XL-1-10x12.png 10w\" sizes=\"(max-width: 150px) 100vw, 150px\" \/>\t\t\t\t\t\t\n\t\t\t\t\t<\/div>\n\t\t\t\t\t\t\t\t\n<style>\n#image_1012309954 {\n  width: 100%;\n}\n<\/style>\n\t<\/div>\n\t\n\n\t<div id=\"text-2197237117\" class=\"text\">\n\t\t\n\n<p>Klimastar WS 9320\n<\/p>\n\n\t\t\n<style>\n#text-2197237117 {\n  text-align: center;\n}\n<\/style>\n\t<\/div>\n\t\n\n\t\t<\/div>\n\t\t\t\t\n<style>\n#col-1002810941 > .col-inner {\n  padding: 0px 20px 0px 20px;\n}\n<\/style>\n\t<\/div>\n\n\t\n\n\t<div id=\"col-1531470317\" class=\"col medium-4 small-12 large-4\"  >\n\t\t\t\t<div class=\"col-inner text-center\"  >\n\t\t\t\n\t\t\t\n\n\t<div class=\"img has-hover x md-x lg-x y md-y lg-y\" id=\"image_2121499068\">\n\t\t\t\t\t\t\t\t<div class=\"img-inner box-shadow-2 dark\" >\n\t\t\t<img width=\"147\" height=\"250\" src=\"https:\/\/sytech.at\/wp-content\/uploads\/2022\/06\/klima_200_3.jpg\" class=\"attachment-large size-large\" alt=\"\" loading=\"lazy\" srcset=\"https:\/\/sytech.at\/wp-content\/uploads\/2022\/06\/klima_200_3.jpg 147w, https:\/\/sytech.at\/wp-content\/uploads\/2022\/06\/klima_200_3-7x12.jpg 7w\" sizes=\"(max-width: 147px) 100vw, 147px\" \/>\t\t\t\t\t\t\n\t\t\t\t\t<\/div>\n\t\t\t\t\t\t\t\t\n<style>\n#image_2121499068 {\n  width: 71.5%;\n}\n<\/style>\n\t<\/div>\n\t\n\n\t<div id=\"text-4043676975\" class=\"text\">\n\t\t\n\n<p>Klimastar WS 9311\n<\/p>\n\n\t\t\n<style>\n#text-4043676975 {\n  text-align: center;\n}\n<\/style>\n\t<\/div>\n\t\n\n\t\t<\/div>\n\t\t\t\t\n<style>\n#col-1531470317 > .col-inner {\n  padding: 0px 20px 0px 20px;\n}\n<\/style>\n\t<\/div>\n\n\t\n\n\t<div id=\"col-1297535157\" class=\"col small-12 large-12\"  >\n\t\t\t\t<div class=\"col-inner\"  >\n\t\t\t\n\t\t\t\n\n\t<div id=\"text-1439209668\" class=\"text\">\n\t\t\n\n<p> erh\u00e4ltlich in zahlreichen Farben:<\/p>\n\n\t\t\n<style>\n#text-1439209668 {\n  text-align: center;\n}\n<\/style>\n\t<\/div>\n\t\n\t<div class=\"img has-hover x md-x lg-x y md-y lg-y\" id=\"image_572246488\">\n\t\t\t\t\t\t\t\t<div class=\"img-inner dark\" >\n\t\t\t<img width=\"480\" height=\"29\" src=\"https:\/\/sytech.at\/wp-content\/uploads\/2022\/06\/farbpalette.jpg\" class=\"attachment-large size-large\" alt=\"\" loading=\"lazy\" srcset=\"https:\/\/sytech.at\/wp-content\/uploads\/2022\/06\/farbpalette.jpg 480w, https:\/\/sytech.at\/wp-content\/uploads\/2022\/06\/farbpalette-300x18.jpg 300w, https:\/\/sytech.at\/wp-content\/uploads\/2022\/06\/farbpalette-18x1.jpg 18w\" sizes=\"(max-width: 480px) 100vw, 480px\" \/>\t\t\t\t\t\t\n\t\t\t\t\t<\/div>\n\t\t\t\t\t\t\t\t\n<style>\n#image_572246488 {\n  width: 100%;\n}\n<\/style>\n\t<\/div>\n\t\n\n\n\t\t<\/div>\n\t\t\t\t\n<style>\n#col-1297535157 > .col-inner {\n  padding: 0px 20px 0px 20px;\n}\n<\/style>\n\t<\/div>\n\n\t\n\n<\/div>\n\n\t\t<\/div>\n\t\t\t\t\t<\/div>\n\n\t\n\n<\/div>","protected":false},"excerpt":{"rendered":"","protected":false},"author":1,"featured_media":0,"parent":0,"menu_order":0,"comment_status":"closed","ping_status":"closed","template":"page-left-sidebar.php","meta":[],"yoast_head":"<!-- This site is optimized with the Yoast SEO plugin v19.5.1 - https:\/\/yoast.com\/wordpress\/plugins\/seo\/ -->\n<title>arbeitsstuehle-klimastar - Sytech<\/title>\n<meta name=\"robots\" content=\"index, follow, max-snippet:-1, max-image-preview:large, max-video-preview:-1\" \/>\n<link rel=\"canonical\" href=\"https:\/\/sytech.at\/en\/arbeitsstuehle-klimastar\/\" \/>\n<meta property=\"og:locale\" content=\"en_GB\" \/>\n<meta property=\"og:type\" content=\"article\" \/>\n<meta property=\"og:title\" content=\"arbeitsstuehle-klimastar - Sytech\" \/>\n<meta property=\"og:url\" content=\"https:\/\/sytech.at\/en\/arbeitsstuehle-klimastar\/\" \/>\n<meta property=\"og:site_name\" content=\"Sytech\" \/>\n<meta property=\"article:modified_time\" content=\"2022-06-29T11:29:49+00:00\" \/>\n<meta name=\"twitter:card\" content=\"summary_large_image\" \/>\n<meta name=\"twitter:label1\" content=\"Estimated reading time\" \/>\n\t<meta name=\"twitter:data1\" content=\"2 minutes\" \/>\n<script type=\"application\/ld+json\" class=\"yoast-schema-graph\">{\"@context\":\"https:\/\/schema.org\",\"@graph\":[{\"@type\":\"WebPage\",\"@id\":\"https:\/\/sytech.at\/arbeitsstuehle-klimastar\/\",\"url\":\"https:\/\/sytech.at\/arbeitsstuehle-klimastar\/\",\"name\":\"arbeitsstuehle-klimastar - Sytech\",\"isPartOf\":{\"@id\":\"https:\/\/sytech.at\/#website\"},\"datePublished\":\"2022-06-29T11:16:00+00:00\",\"dateModified\":\"2022-06-29T11:29:49+00:00\",\"breadcrumb\":{\"@id\":\"https:\/\/sytech.at\/arbeitsstuehle-klimastar\/#breadcrumb\"},\"inLanguage\":\"en-GB\",\"potentialAction\":[{\"@type\":\"ReadAction\",\"target\":[\"https:\/\/sytech.at\/arbeitsstuehle-klimastar\/\"]}]},{\"@type\":\"BreadcrumbList\",\"@id\":\"https:\/\/sytech.at\/arbeitsstuehle-klimastar\/#breadcrumb\",\"itemListElement\":[{\"@type\":\"ListItem\",\"position\":1,\"name\":\"Startseite\",\"item\":\"https:\/\/sytech.at\/\"},{\"@type\":\"ListItem\",\"position\":2,\"name\":\"arbeitsstuehle-klimastar\"}]},{\"@type\":\"WebSite\",\"@id\":\"https:\/\/sytech.at\/#website\",\"url\":\"https:\/\/sytech.at\/\",\"name\":\"Sytech\",\"description\":\"Ergonomie am Arbeitsplatz\",\"publisher\":{\"@id\":\"https:\/\/sytech.at\/#organization\"},\"potentialAction\":[{\"@type\":\"SearchAction\",\"target\":{\"@type\":\"EntryPoint\",\"urlTemplate\":\"https:\/\/sytech.at\/?s={search_term_string}\"},\"query-input\":\"required name=search_term_string\"}],\"inLanguage\":\"en-GB\"},{\"@type\":\"Organization\",\"@id\":\"https:\/\/sytech.at\/#organization\",\"name\":\"Sytech\",\"url\":\"https:\/\/sytech.at\/\",\"sameAs\":[],\"logo\":{\"@type\":\"ImageObject\",\"inLanguage\":\"en-GB\",\"@id\":\"https:\/\/sytech.at\/#\/schema\/logo\/image\/\",\"url\":\"https:\/\/sytech.at\/wp-content\/uploads\/2022\/01\/Unbenannt-1.png\",\"contentUrl\":\"https:\/\/sytech.at\/wp-content\/uploads\/2022\/01\/Unbenannt-1.png\",\"width\":977,\"height\":245,\"caption\":\"Sytech\"},\"image\":{\"@id\":\"https:\/\/sytech.at\/#\/schema\/logo\/image\/\"}}]}<\/script>\n<!-- \/ Yoast SEO plugin. -->","yoast_head_json":{"title":"arbeitsstuehle-klimastar - Sytech","robots":{"index":"index","follow":"follow","max-snippet":"max-snippet:-1","max-image-preview":"max-image-preview:large","max-video-preview":"max-video-preview:-1"},"canonical":"https:\/\/sytech.at\/en\/arbeitsstuehle-klimastar\/","og_locale":"en_GB","og_type":"article","og_title":"arbeitsstuehle-klimastar - Sytech","og_url":"https:\/\/sytech.at\/en\/arbeitsstuehle-klimastar\/","og_site_name":"Sytech","article_modified_time":"2022-06-29T11:29:49+00:00","twitter_card":"summary_large_image","twitter_misc":{"Estimated reading time":"2 minutes"},"schema":{"@context":"https:\/\/schema.org","@graph":[{"@type":"WebPage","@id":"https:\/\/sytech.at\/arbeitsstuehle-klimastar\/","url":"https:\/\/sytech.at\/arbeitsstuehle-klimastar\/","name":"arbeitsstuehle-klimastar - Sytech","isPartOf":{"@id":"https:\/\/sytech.at\/#website"},"datePublished":"2022-06-29T11:16:00+00:00","dateModified":"2022-06-29T11:29:49+00:00","breadcrumb":{"@id":"https:\/\/sytech.at\/arbeitsstuehle-klimastar\/#breadcrumb"},"inLanguage":"en-GB","potentialAction":[{"@type":"ReadAction","target":["https:\/\/sytech.at\/arbeitsstuehle-klimastar\/"]}]},{"@type":"BreadcrumbList","@id":"https:\/\/sytech.at\/arbeitsstuehle-klimastar\/#breadcrumb","itemListElement":[{"@type":"ListItem","position":1,"name":"Startseite","item":"https:\/\/sytech.at\/"},{"@type":"ListItem","position":2,"name":"arbeitsstuehle-klimastar"}]},{"@type":"WebSite","@id":"https:\/\/sytech.at\/#website","url":"https:\/\/sytech.at\/","name":"Sytech","description":"Ergonomie am Arbeitsplatz","publisher":{"@id":"https:\/\/sytech.at\/#organization"},"potentialAction":[{"@type":"SearchAction","target":{"@type":"EntryPoint","urlTemplate":"https:\/\/sytech.at\/?s={search_term_string}"},"query-input":"required name=search_term_string"}],"inLanguage":"en-GB"},{"@type":"Organization","@id":"https:\/\/sytech.at\/#organization","name":"Sytech","url":"https:\/\/sytech.at\/","sameAs":[],"logo":{"@type":"ImageObject","inLanguage":"en-GB","@id":"https:\/\/sytech.at\/#\/schema\/logo\/image\/","url":"https:\/\/sytech.at\/wp-content\/uploads\/2022\/01\/Unbenannt-1.png","contentUrl":"https:\/\/sytech.at\/wp-content\/uploads\/2022\/01\/Unbenannt-1.png","width":977,"height":245,"caption":"Sytech"},"image":{"@id":"https:\/\/sytech.at\/#\/schema\/logo\/image\/"}}]}},"_links":{"self":[{"href":"https:\/\/sytech.at\/en\/wp-json\/wp\/v2\/pages\/1432"}],"collection":[{"href":"https:\/\/sytech.at\/en\/wp-json\/wp\/v2\/pages"}],"about":[{"href":"https:\/\/sytech.at\/en\/wp-json\/wp\/v2\/types\/page"}],"author":[{"embeddable":true,"href":"https:\/\/sytech.at\/en\/wp-json\/wp\/v2\/users\/1"}],"replies":[{"embeddable":true,"href":"https:\/\/sytech.at\/en\/wp-json\/wp\/v2\/comments?post=1432"}],"version-history":[{"count":3,"href":"https:\/\/sytech.at\/en\/wp-json\/wp\/v2\/pages\/1432\/revisions"}],"predecessor-version":[{"id":1442,"href":"https:\/\/sytech.at\/en\/wp-json\/wp\/v2\/pages\/1432\/revisions\/1442"}],"wp:attachment":[{"href":"https:\/\/sytech.at\/en\/wp-json\/wp\/v2\/media?parent=1432"}],"curies":[{"name":"wp","href":"https:\/\/api.w.org\/{rel}","templated":true}]}}