{"id":1266,"date":"2022-06-29T01:29:46","date_gmt":"2022-06-28T23:29:46","guid":{"rendered":"https:\/\/sytech.at\/?page_id=1266"},"modified":"2022-06-29T01:31:35","modified_gmt":"2022-06-28T23:31:35","slug":"bodenmarkierungen-shapessymbols","status":"publish","type":"page","link":"https:\/\/sytech.at\/en\/bodenmarkierungen-shapessymbols\/","title":{"rendered":"bodenmarkierungen-shapessymbols"},"content":{"rendered":"<div class=\"row\"  id=\"row-1256505531\">\n\n\n\t<div id=\"col-59790174\" class=\"col small-12 large-12\"  >\n\t\t\t\t<div class=\"col-inner box-shadow-2\" style=\"background-color:rgb(255, 255, 255);\" >\n\t\t\t\n\t\t\t\n\n<div class=\"row row-full-width align-middle\"  id=\"row-1668324208\">\n\n\n\t<div id=\"col-544481879\" class=\"col medium-6 small-12 large-6\"  >\n\t\t\t\t<div class=\"col-inner text-left\"  >\n\t\t\t\n\t\t\t\n\n<h1>Shapes \/ Zeichen<\/h1>\n\n\t\t<\/div>\n\t\t\t\t\n<style>\n#col-544481879 > .col-inner {\n  padding: 20px 0px 0px 30px;\n}\n<\/style>\n\t<\/div>\n\n\t\n\n\t<div id=\"col-1990810122\" class=\"col medium-6 small-12 large-6\"  >\n\t\t\t\t<div class=\"col-inner text-right\"  >\n\t\t\t\n\t\t\t\n\n\t<div class=\"img has-hover x md-x lg-x y md-y lg-y\" id=\"image_1358610471\">\n\t\t\t\t\t\t\t\t<div class=\"img-inner dark\" >\n\t\t\t<img width=\"150\" height=\"68\" src=\"https:\/\/sytech.at\/wp-content\/uploads\/2022\/06\/durastripe_shapes.jpg\" class=\"attachment-large size-large\" alt=\"\" loading=\"lazy\" srcset=\"https:\/\/sytech.at\/wp-content\/uploads\/2022\/06\/durastripe_shapes.jpg 150w, https:\/\/sytech.at\/wp-content\/uploads\/2022\/06\/durastripe_shapes-18x8.jpg 18w\" sizes=\"(max-width: 150px) 100vw, 150px\" \/>\t\t\t\t\t\t\n\t\t\t\t\t<\/div>\n\t\t\t\t\t\t\t\t\n<style>\n#image_1358610471 {\n  width: 70%;\n}\n<\/style>\n\t<\/div>\n\t\n\n\n\t\t<\/div>\n\t\t\t\t\n<style>\n#col-1990810122 > .col-inner {\n  padding: 20px 0px 0px 30px;\n  margin: 0px 0px -10px 0px;\n}\n<\/style>\n\t<\/div>\n\n\t\n\n\t<div id=\"col-174412207\" class=\"col small-12 large-12\"  >\n\t\t\t\t<div class=\"col-inner text-left\"  >\n\t\t\t\n\t\t\t\n\n\t<div id=\"text-2516517461\" class=\"text\">\n\t\t\n\n<p>Innerhalb der\u00a0<strong>DuraStripe Produktpalette<\/strong> bieten wir Ihnen eine st\u00e4ndig wachsende Kollektion an Symbolen und Formen an. Einfach den r\u00fcckseitigen Streifen abziehen und aufkleben &#8211; keine Leerlaufzeiten, keine Zeit f\u00fcrs Trocknen.<\/p>\n<p>Perfekt geeignet f\u00fcr die\u00a0<strong>Markierung in logistischen Abteilungen<\/strong>, zum Beispiel in Lagerh\u00e4usern, wo Paletten, Ware, Gabelstapler etc. richtig platziert werden m\u00fcssen. Sehr praktisch\u00a0<strong>in Produktionsst\u00e4tten<\/strong> u.a., wo die r\u00e4umlichen Begrenzungen h\u00e4ufig modifiziert und die jeweils wechselnden Arbeitsbereiche auf dem Boden farbig markiert werden m\u00fcssen.<\/p>\n\t\t\n<style>\n#text-2516517461 {\n  font-size: 0.75rem;\n  text-align: left;\n}\n<\/style>\n\t<\/div>\n\t\n\n\t\t<\/div>\n\t\t\t\t\n<style>\n#col-174412207 > .col-inner {\n  padding: 0px 0px 0px 30px;\n}\n<\/style>\n\t<\/div>\n\n\t\n\n\t<div id=\"col-615726377\" class=\"col small-12 large-12\"  >\n\t\t\t\t<div class=\"col-inner text-left\"  >\n\t\t\t\n\t\t\t\n\n\t<div class=\"img has-hover x md-x lg-x y md-y lg-y\" id=\"image_1222385863\">\n\t\t\t\t\t\t\t\t<div class=\"img-inner dark\" >\n\t\t\t<img width=\"553\" height=\"408\" src=\"https:\/\/sytech.at\/wp-content\/uploads\/2022\/06\/durastripe_shapes2_3.jpg\" class=\"attachment-large size-large\" alt=\"\" loading=\"lazy\" srcset=\"https:\/\/sytech.at\/wp-content\/uploads\/2022\/06\/durastripe_shapes2_3.jpg 553w, https:\/\/sytech.at\/wp-content\/uploads\/2022\/06\/durastripe_shapes2_3-300x221.jpg 300w, https:\/\/sytech.at\/wp-content\/uploads\/2022\/06\/durastripe_shapes2_3-16x12.jpg 16w\" sizes=\"(max-width: 553px) 100vw, 553px\" \/>\t\t\t\t\t\t\n\t\t\t\t\t<\/div>\n\t\t\t\t\t\t\t\t\n<style>\n#image_1222385863 {\n  width: 100%;\n}\n<\/style>\n\t<\/div>\n\t\n\n\n\t\t<\/div>\n\t\t\t\t\n<style>\n#col-615726377 > .col-inner {\n  padding: 0px 0px 0px 30px;\n}\n<\/style>\n\t<\/div>\n\n\t\n\n<\/div>\n\n\t\t<\/div>\n\t\t\t\t\n<style>\n#col-59790174 > .col-inner {\n  margin: 0px 0px -20px 0px;\n  border-radius: 20px;\n}\n<\/style>\n\t<\/div>\n\n\t\n\n<\/div>","protected":false},"excerpt":{"rendered":"","protected":false},"author":1,"featured_media":0,"parent":0,"menu_order":0,"comment_status":"closed","ping_status":"closed","template":"page-left-sidebar.php","meta":[],"yoast_head":"<!-- This site is optimized with the Yoast SEO plugin v19.5.1 - https:\/\/yoast.com\/wordpress\/plugins\/seo\/ -->\n<title>bodenmarkierungen-shapessymbols - Sytech<\/title>\n<meta name=\"robots\" content=\"index, follow, max-snippet:-1, max-image-preview:large, max-video-preview:-1\" \/>\n<link rel=\"canonical\" href=\"https:\/\/sytech.at\/en\/bodenmarkierungen-shapessymbols\/\" \/>\n<meta property=\"og:locale\" content=\"en_GB\" \/>\n<meta property=\"og:type\" content=\"article\" \/>\n<meta property=\"og:title\" content=\"bodenmarkierungen-shapessymbols - Sytech\" \/>\n<meta property=\"og:url\" content=\"https:\/\/sytech.at\/en\/bodenmarkierungen-shapessymbols\/\" \/>\n<meta property=\"og:site_name\" content=\"Sytech\" \/>\n<meta property=\"article:modified_time\" content=\"2022-06-28T23:31:35+00:00\" \/>\n<meta name=\"twitter:card\" content=\"summary_large_image\" \/>\n<meta name=\"twitter:label1\" content=\"Estimated reading time\" \/>\n\t<meta name=\"twitter:data1\" content=\"1 minute\" \/>\n<script type=\"application\/ld+json\" class=\"yoast-schema-graph\">{\"@context\":\"https:\/\/schema.org\",\"@graph\":[{\"@type\":\"WebPage\",\"@id\":\"https:\/\/sytech.at\/en\/bodenmarkierungen-shapessymbols\/\",\"url\":\"https:\/\/sytech.at\/en\/bodenmarkierungen-shapessymbols\/\",\"name\":\"bodenmarkierungen-shapessymbols - Sytech\",\"isPartOf\":{\"@id\":\"https:\/\/sytech.at\/#website\"},\"datePublished\":\"2022-06-28T23:29:46+00:00\",\"dateModified\":\"2022-06-28T23:31:35+00:00\",\"breadcrumb\":{\"@id\":\"https:\/\/sytech.at\/en\/bodenmarkierungen-shapessymbols\/#breadcrumb\"},\"inLanguage\":\"en-GB\",\"potentialAction\":[{\"@type\":\"ReadAction\",\"target\":[\"https:\/\/sytech.at\/en\/bodenmarkierungen-shapessymbols\/\"]}]},{\"@type\":\"BreadcrumbList\",\"@id\":\"https:\/\/sytech.at\/en\/bodenmarkierungen-shapessymbols\/#breadcrumb\",\"itemListElement\":[{\"@type\":\"ListItem\",\"position\":1,\"name\":\"Startseite\",\"item\":\"https:\/\/sytech.at\/\"},{\"@type\":\"ListItem\",\"position\":2,\"name\":\"bodenmarkierungen-shapessymbols\"}]},{\"@type\":\"WebSite\",\"@id\":\"https:\/\/sytech.at\/#website\",\"url\":\"https:\/\/sytech.at\/\",\"name\":\"Sytech\",\"description\":\"Ergonomie am Arbeitsplatz\",\"publisher\":{\"@id\":\"https:\/\/sytech.at\/#organization\"},\"potentialAction\":[{\"@type\":\"SearchAction\",\"target\":{\"@type\":\"EntryPoint\",\"urlTemplate\":\"https:\/\/sytech.at\/?s={search_term_string}\"},\"query-input\":\"required name=search_term_string\"}],\"inLanguage\":\"en-GB\"},{\"@type\":\"Organization\",\"@id\":\"https:\/\/sytech.at\/#organization\",\"name\":\"Sytech\",\"url\":\"https:\/\/sytech.at\/\",\"sameAs\":[],\"logo\":{\"@type\":\"ImageObject\",\"inLanguage\":\"en-GB\",\"@id\":\"https:\/\/sytech.at\/#\/schema\/logo\/image\/\",\"url\":\"https:\/\/sytech.at\/wp-content\/uploads\/2022\/01\/Unbenannt-1.png\",\"contentUrl\":\"https:\/\/sytech.at\/wp-content\/uploads\/2022\/01\/Unbenannt-1.png\",\"width\":977,\"height\":245,\"caption\":\"Sytech\"},\"image\":{\"@id\":\"https:\/\/sytech.at\/#\/schema\/logo\/image\/\"}}]}<\/script>\n<!-- \/ Yoast SEO plugin. -->","yoast_head_json":{"title":"bodenmarkierungen-shapessymbols - Sytech","robots":{"index":"index","follow":"follow","max-snippet":"max-snippet:-1","max-image-preview":"max-image-preview:large","max-video-preview":"max-video-preview:-1"},"canonical":"https:\/\/sytech.at\/en\/bodenmarkierungen-shapessymbols\/","og_locale":"en_GB","og_type":"article","og_title":"bodenmarkierungen-shapessymbols - Sytech","og_url":"https:\/\/sytech.at\/en\/bodenmarkierungen-shapessymbols\/","og_site_name":"Sytech","article_modified_time":"2022-06-28T23:31:35+00:00","twitter_card":"summary_large_image","twitter_misc":{"Estimated reading time":"1 minute"},"schema":{"@context":"https:\/\/schema.org","@graph":[{"@type":"WebPage","@id":"https:\/\/sytech.at\/en\/bodenmarkierungen-shapessymbols\/","url":"https:\/\/sytech.at\/en\/bodenmarkierungen-shapessymbols\/","name":"bodenmarkierungen-shapessymbols - Sytech","isPartOf":{"@id":"https:\/\/sytech.at\/#website"},"datePublished":"2022-06-28T23:29:46+00:00","dateModified":"2022-06-28T23:31:35+00:00","breadcrumb":{"@id":"https:\/\/sytech.at\/en\/bodenmarkierungen-shapessymbols\/#breadcrumb"},"inLanguage":"en-GB","potentialAction":[{"@type":"ReadAction","target":["https:\/\/sytech.at\/en\/bodenmarkierungen-shapessymbols\/"]}]},{"@type":"BreadcrumbList","@id":"https:\/\/sytech.at\/en\/bodenmarkierungen-shapessymbols\/#breadcrumb","itemListElement":[{"@type":"ListItem","position":1,"name":"Startseite","item":"https:\/\/sytech.at\/"},{"@type":"ListItem","position":2,"name":"bodenmarkierungen-shapessymbols"}]},{"@type":"WebSite","@id":"https:\/\/sytech.at\/#website","url":"https:\/\/sytech.at\/","name":"Sytech","description":"Ergonomie am Arbeitsplatz","publisher":{"@id":"https:\/\/sytech.at\/#organization"},"potentialAction":[{"@type":"SearchAction","target":{"@type":"EntryPoint","urlTemplate":"https:\/\/sytech.at\/?s={search_term_string}"},"query-input":"required name=search_term_string"}],"inLanguage":"en-GB"},{"@type":"Organization","@id":"https:\/\/sytech.at\/#organization","name":"Sytech","url":"https:\/\/sytech.at\/","sameAs":[],"logo":{"@type":"ImageObject","inLanguage":"en-GB","@id":"https:\/\/sytech.at\/#\/schema\/logo\/image\/","url":"https:\/\/sytech.at\/wp-content\/uploads\/2022\/01\/Unbenannt-1.png","contentUrl":"https:\/\/sytech.at\/wp-content\/uploads\/2022\/01\/Unbenannt-1.png","width":977,"height":245,"caption":"Sytech"},"image":{"@id":"https:\/\/sytech.at\/#\/schema\/logo\/image\/"}}]}},"_links":{"self":[{"href":"https:\/\/sytech.at\/en\/wp-json\/wp\/v2\/pages\/1266"}],"collection":[{"href":"https:\/\/sytech.at\/en\/wp-json\/wp\/v2\/pages"}],"about":[{"href":"https:\/\/sytech.at\/en\/wp-json\/wp\/v2\/types\/page"}],"author":[{"embeddable":true,"href":"https:\/\/sytech.at\/en\/wp-json\/wp\/v2\/users\/1"}],"replies":[{"embeddable":true,"href":"https:\/\/sytech.at\/en\/wp-json\/wp\/v2\/comments?post=1266"}],"version-history":[{"count":2,"href":"https:\/\/sytech.at\/en\/wp-json\/wp\/v2\/pages\/1266\/revisions"}],"predecessor-version":[{"id":1269,"href":"https:\/\/sytech.at\/en\/wp-json\/wp\/v2\/pages\/1266\/revisions\/1269"}],"wp:attachment":[{"href":"https:\/\/sytech.at\/en\/wp-json\/wp\/v2\/media?parent=1266"}],"curies":[{"name":"wp","href":"https:\/\/api.w.org\/{rel}","templated":true}]}}